{"id":1125,"date":"2024-03-19T09:31:35","date_gmt":"2024-03-19T09:31:35","guid":{"rendered":"https:\/\/impreza26.us-themes.com\/?page_id=1125"},"modified":"2024-06-18T11:02:32","modified_gmt":"2024-06-18T09:02:32","slug":"leistungen","status":"publish","type":"page","link":"https:\/\/www.clausing-tiefbau.com\/clausing\/leistungen\/","title":{"rendered":"Leistungen"},"content":{"rendered":"<section class=\"l-section wpb_row height_large\"><div class=\"l-section-h i-cf\"><div class=\"g-cols vc_row via_grid cols_1 laptops-cols_inherit tablets-cols_inherit mobiles-cols_1 valign_top type_default stacking_default\" style=\"--gap:6rem;\"><div class=\"wpb_column vc_column_container\"><div class=\"vc_column-inner\"><div class=\"g-cols wpb_row via_grid cols_3-1 laptops-cols_inherit tablets-cols_inherit mobiles-cols_1 valign_top type_default stacking_default\" style=\"--gap:3rem;\"><div class=\"wpb_column vc_column_container\"><div class=\"vc_column-inner\"><h3 class=\"w-text\"><span class=\"w-text-h\"><span class=\"w-text-value\">Unsere Leistungen im \u00dcberblick<\/span><\/span><\/h3><div class=\"wpb_text_column us_custom_59aa275c\"><div class=\"wpb_wrapper\"><p>Wir planen und errichten Bauwerke \u2013 an und unter der Erdoberfl\u00e4che. Greifen Sie auf unsere langj\u00e4hrige Tiefbau-Erfahrung zu. Schildern Sie uns Ihr Bauvorhaben und wir finden (gemeinsam) eine L\u00f6sung zur passgenauen Umsetzung. Hier finden Sie eine \u00dcbersicht unserer T\u00e4tigkeitsbereiche:<\/p>\n<\/div><\/div><div class=\"w-separator size_medium\"><\/div><div class=\"w-tabs us_custom_b909047f layout_hor style_default switch_click has_scrolling\" style=\"--sections-title-size:1em\"><div class=\"w-tabs-list items_4 align_none\"><div class=\"w-tabs-list-h\"><button class=\"w-tabs-item active\" aria-controls=\"content-n4d1\" aria-expanded=\"false\"><span class=\"w-tabs-item-title\">Kanalbau<\/span><\/button><button class=\"w-tabs-item\" aria-controls=\"content-h4a5\" aria-expanded=\"false\"><span class=\"w-tabs-item-title\">Rohrleitungsbau<\/span><\/button><button class=\"w-tabs-item\" aria-controls=\"content-h74f\" aria-expanded=\"false\"><span class=\"w-tabs-item-title\">Stra\u00dfenbau<\/span><\/button><button class=\"w-tabs-item\" aria-controls=\"content-z01a\" aria-expanded=\"false\"><span class=\"w-tabs-item-title\">Kabelleitungsbau \/ Sonstige Tiefbauleistungen<\/span><\/button><\/div><\/div><div class=\"w-tabs-sections titles-align_none icon_chevron cpos_right\"><div class=\"w-tabs-section active has_text_color\" id=\"n4d1\" style=\"background:var(--color-header-middle-bg);color:var(--color-header-middle-text);\"><button class=\"w-tabs-section-header active\" aria-controls=\"content-n4d1\" aria-expanded=\"true\"><div class=\"w-tabs-section-title\">Kanalbau<\/div><div class=\"w-tabs-section-control\"><\/div><\/button><div  class=\"w-tabs-section-content us_custom_8665cf32\" id=\"content-n4d1\"><div class=\"w-tabs-section-content-h i-cf\"><div class=\"w-separator size_small\"><\/div><div class=\"wpb_text_column\"><div class=\"wpb_wrapper\"><p><strong>Unsere Leistungen im Bereich \u201eKanalbau\u201c umfassen:<\/strong><\/p>\n<\/div><\/div><div class=\"w-separator size_small\"><\/div><div class=\"w-text us_custom_a518f36e us_animate_this icon_atleft\"><span class=\"w-text-h\"><i class=\"fas fa-check\"><\/i><span class=\"w-text-value\">Hauptkanalverlegung (Schmutz- und Regenwasserkan\u00e4le, G\u00fcteschutz AK2)<\/span><\/span><\/div><div class=\"w-separator size_custom with_line width_default thick_1 style_solid color_border align_center\" style=\"height:2rem\"><div class=\"w-separator-h\"><\/div><\/div><div class=\"w-text us_custom_a518f36e us_animate_this icon_atleft\"><span class=\"w-text-h\"><i class=\"fas fa-check\"><\/i><span class=\"w-text-value\">Haus- und Grundst\u00fccksentw\u00e4sserung<\/span><\/span><\/div><div class=\"w-separator size_custom with_line width_default thick_1 style_solid color_border align_center\" style=\"height:2rem\"><div class=\"w-separator-h\"><\/div><\/div><div class=\"w-text us_custom_a518f36e us_animate_this icon_atleft\"><span class=\"w-text-h\"><i class=\"fas fa-check\"><\/i><span class=\"w-text-value\">Rohrvortriebsarbeiten (bis DN 200)<\/span><\/span><\/div><div class=\"w-separator size_custom with_line width_default thick_1 style_solid color_border align_center\" style=\"height:2rem\"><div class=\"w-separator-h\"><\/div><\/div><div class=\"w-text us_custom_a518f36e us_animate_this icon_atleft\"><span class=\"w-text-h\"><i class=\"fas fa-check\"><\/i><span class=\"w-text-value\">Abscheideranlagen<\/span><\/span><\/div><\/div><\/div><\/div><div class=\"w-tabs-section has_text_color\" id=\"h4a5\" style=\"background:var(--color-header-middle-bg);color:var(--color-header-middle-text);\"><button class=\"w-tabs-section-header\" aria-controls=\"content-h4a5\" aria-expanded=\"false\"><div class=\"w-tabs-section-title\">Rohrleitungsbau<\/div><div class=\"w-tabs-section-control\"><\/div><\/button><div  class=\"w-tabs-section-content us_custom_8665cf32\" id=\"content-h4a5\"><div class=\"w-tabs-section-content-h i-cf\"><div class=\"w-separator size_small\"><\/div><div class=\"wpb_text_column\"><div class=\"wpb_wrapper\"><p><strong>Unsere Leistungen im Bereich \u201eRohrleitungsbau\u201c umfassen:<br \/>\n<\/strong><\/p>\n<\/div><\/div><div class=\"w-separator size_small\"><\/div><div class=\"w-text us_custom_a518f36e us_animate_this icon_atleft\"><span class=\"w-text-h\"><i class=\"fas fa-check\"><\/i><span class=\"w-text-value\">Gas- und Wasserrohleitungsbau (GW3)<\/span><\/span><\/div><div class=\"w-separator size_custom with_line width_default thick_1 style_solid color_border align_center\" style=\"height:2rem\"><div class=\"w-separator-h\"><\/div><\/div><div class=\"w-text us_custom_a518f36e us_animate_this icon_atleft\"><span class=\"w-text-h\"><i class=\"fas fa-check\"><\/i><span class=\"w-text-value\">Schmutz- und Regenwasser-Druckrohrleitungen<\/span><\/span><\/div><div class=\"w-separator size_custom with_line width_default thick_1 style_solid color_border align_center\" style=\"height:2rem\"><div class=\"w-separator-h\"><\/div><\/div><div class=\"w-text us_custom_a518f36e us_animate_this icon_atleft\"><span class=\"w-text-h\"><i class=\"fas fa-check\"><\/i><span class=\"w-text-value\">Hauptrohr- und Hausanschlussleitungen<\/span><\/span><\/div><div class=\"w-separator size_custom with_line width_default thick_1 style_solid color_border align_center\" style=\"height:2rem\"><div class=\"w-separator-h\"><\/div><\/div><div class=\"w-text us_custom_a518f36e us_animate_this icon_atleft\"><span class=\"w-text-h\"><i class=\"fas fa-check\"><\/i><span class=\"w-text-value\">Leerrohranlagen f\u00fcr Fernmelde- und Netzkabel<\/span><\/span><\/div><\/div><\/div><\/div><div class=\"w-tabs-section has_text_color\" id=\"h74f\" style=\"background:var(--color-header-middle-bg);color:var(--color-header-middle-text);\"><button class=\"w-tabs-section-header\" aria-controls=\"content-h74f\" aria-expanded=\"false\"><div class=\"w-tabs-section-title\">Stra\u00dfenbau<\/div><div class=\"w-tabs-section-control\"><\/div><\/button><div  class=\"w-tabs-section-content us_custom_8665cf32\" id=\"content-h74f\"><div class=\"w-tabs-section-content-h i-cf\"><div class=\"w-separator size_small\"><\/div><div class=\"wpb_text_column\"><div class=\"wpb_wrapper\"><p><strong>Unsere Leistungen im Bereich \u201eStra\u00dfenbau\u201c umfassen:<\/strong><\/p>\n<\/div><\/div><div class=\"w-separator size_small\"><\/div><div class=\"w-text us_custom_a518f36e us_animate_this icon_atleft\"><span class=\"w-text-h\"><i class=\"fas fa-check\"><\/i><span class=\"w-text-value\">Asphaltarbeiten<\/span><\/span><\/div><div class=\"w-separator size_custom with_line width_default thick_1 style_solid color_border align_center\" style=\"height:2rem\"><div class=\"w-separator-h\"><\/div><\/div><div class=\"w-text us_custom_a518f36e us_animate_this icon_atleft\"><span class=\"w-text-h\"><i class=\"fas fa-check\"><\/i><span class=\"w-text-value\">Pflasterarbeiten (Beton, Klinker, Naturstein)<\/span><\/span><\/div><div class=\"w-separator size_custom with_line width_default thick_1 style_solid color_border align_center\" style=\"height:2rem\"><div class=\"w-separator-h\"><\/div><\/div><div class=\"w-text us_custom_a518f36e us_animate_this icon_atleft\"><span class=\"w-text-h\"><i class=\"fas fa-check\"><\/i><span class=\"w-text-value\">Erdarbeiten<\/span><\/span><\/div><div class=\"w-separator size_custom with_line width_default thick_1 style_solid color_border align_center\" style=\"height:2rem\"><div class=\"w-separator-h\"><\/div><\/div><div class=\"w-text us_custom_a518f36e us_animate_this icon_atleft\"><span class=\"w-text-h\"><i class=\"fas fa-check\"><\/i><span class=\"w-text-value\">Bodenaufbereitung<\/span><\/span><\/div><div class=\"w-separator size_custom with_line width_default thick_1 style_solid color_border align_center\" style=\"height:2rem\"><div class=\"w-separator-h\"><\/div><\/div><div class=\"w-text us_custom_a518f36e us_animate_this icon_atleft\"><span class=\"w-text-h\"><i class=\"fas fa-check\"><\/i><span class=\"w-text-value\">Bodenverbesserungsarbeiten<\/span><\/span><\/div><\/div><\/div><\/div><div class=\"w-tabs-section has_text_color\" id=\"z01a\" style=\"background:var(--color-header-middle-bg);color:var(--color-header-middle-text);\"><button class=\"w-tabs-section-header\" aria-controls=\"content-z01a\" aria-expanded=\"false\"><div class=\"w-tabs-section-title\">Kabelleitungsbau \/ Sonstige Tiefbauleistungen<\/div><div class=\"w-tabs-section-control\"><\/div><\/button><div  class=\"w-tabs-section-content us_custom_8665cf32\" id=\"content-z01a\"><div class=\"w-tabs-section-content-h i-cf\"><div class=\"w-separator size_small\"><\/div><div class=\"wpb_text_column\"><div class=\"wpb_wrapper\"><p><strong>Unsere Leistungen im Bereich \u201eKabelleitungsbau \/ Sonstige Tiefbauleistungen\u201c umfassen:<br \/>\n<\/strong><\/p>\n<\/div><\/div><div class=\"w-separator size_small\"><\/div><div class=\"w-text us_custom_a518f36e us_animate_this icon_atleft\"><span class=\"w-text-h\"><i class=\"fas fa-check\"><\/i><span class=\"w-text-value\">Kabelleitungsbau<\/span><\/span><\/div><div class=\"w-separator size_custom with_line width_default thick_1 style_solid color_border align_center\" style=\"height:2rem\"><div class=\"w-separator-h\"><\/div><\/div><div class=\"w-text us_custom_a518f36e us_animate_this icon_atleft\"><span class=\"w-text-h\"><i class=\"fas fa-check\"><\/i><span class=\"w-text-value\">Elektroinstallationen bis 1 KV<\/span><\/span><\/div><div class=\"w-separator size_custom with_line width_default thick_1 style_solid color_border align_center\" style=\"height:2rem\"><div class=\"w-separator-h\"><\/div><\/div><div class=\"w-text us_custom_a518f36e us_animate_this icon_atleft\"><span class=\"w-text-h\"><i class=\"fas fa-check\"><\/i><span class=\"w-text-value\">Kleinkl\u00e4ranlagen<\/span><\/span><\/div><div class=\"w-separator size_custom with_line width_default thick_1 style_solid color_border align_center\" style=\"height:2rem\"><div class=\"w-separator-h\"><\/div><\/div><div class=\"w-text us_custom_a518f36e us_animate_this icon_atleft\"><span class=\"w-text-h\"><i class=\"fas fa-check\"><\/i><span class=\"w-text-value\">Grundwasserabsenkung<\/span><\/span><\/div><div class=\"w-separator size_custom with_line width_default thick_1 style_solid color_border align_center\" style=\"height:2rem\"><div class=\"w-separator-h\"><\/div><\/div><div class=\"w-text us_custom_a518f36e us_animate_this icon_atleft\"><span class=\"w-text-h\"><i class=\"fas fa-check\"><\/i><span class=\"w-text-value\">Pressungen<\/span><\/span><\/div><div class=\"w-separator size_custom with_line width_default thick_1 style_solid color_border align_center\" style=\"height:2rem\"><div class=\"w-separator-h\"><\/div><\/div><div class=\"w-text us_custom_a518f36e us_animate_this icon_atleft\"><span class=\"w-text-h\"><i class=\"fas fa-check\"><\/i><span class=\"w-text-value\">Gestaltung von Au\u00dfenanlagen<\/span><\/span><\/div><div class=\"w-separator size_custom with_line width_default thick_1 style_solid color_border align_center\" style=\"height:2rem\"><div class=\"w-separator-h\"><\/div><\/div><div class=\"w-text us_custom_a518f36e us_animate_this icon_atleft\"><span class=\"w-text-h\"><i class=\"fas fa-check\"><\/i><span class=\"w-text-value\">Verbauarbeiten<\/span><\/span><\/div><\/div><\/div><\/div><\/div><\/div><div class=\"w-separator size_medium\"><\/div><div class=\"w-btn-wrapper align_none\"><a class=\"w-btn us-btn-style_1\" href=\"https:\/\/www.clausing-tiefbau.com\/clausing\/kontakt\/\"><span class=\"w-btn-label\">Wir freuen uns auf Ihre Kontaktaufnahme.<\/span><\/a><\/div><div class=\"w-separator size_medium with_line width_default thick_1 style_solid color_border align_center\"><div class=\"w-separator-h\"><\/div><\/div><\/div><\/div><div class=\"wpb_column vc_column_container\"><div class=\"vc_column-inner\"><h3 class=\"w-text\"><span class=\"w-text-h\"><span class=\"w-text-value\">Impressionen<\/span><\/span><\/h3><div class=\"w-grid type_grid layout_gallery_cropped with_css_animation ratio_3x2\" id=\"us_grid_1\" style=\"--gap:1.5rem;\" data-filterable=\"true\"><style>#us_grid_1 .w-grid-item-h:before{padding-bottom:66.6667%}.layout_gallery_cropped .w-grid-item-h:before{padding-bottom:100%}@media (min-width:601px){.layout_gallery_cropped .w-grid-item.size_1x2 .w-grid-item-h:before{padding-bottom:calc(200% + var(--gap,0px) * 2)}.layout_gallery_cropped .w-grid-item.size_2x1 .w-grid-item-h:before{padding-bottom:calc(50% - var(--gap,0px) * 1)}.layout_gallery_cropped .w-grid-item.size_2x2 .w-grid-item-h:before{padding-bottom:calc(100% - var(--gap,0px) * 0)}}.layout_gallery_cropped .w-grid-item-h{}.layout_gallery_cropped .usg_post_image_1{position:absolute!important;left:0!important;top:0!important;bottom:0!important;right:0!important}<\/style><div class=\"w-grid-list\">\t<article class=\"w-grid-item us_animate_afr size_1x1 post-1552 attachment type-attachment status-inherit hentry\" data-id=\"1552\">\r\n\t\t<div class=\"w-grid-item-h\">\r\n\t\t\t\t\t\t<div class=\"w-post-elm post_image usg_post_image_1 stretched\"><img loading=\"lazy\" decoding=\"async\" width=\"600\" height=\"450\" src=\"https:\/\/www.clausing-tiefbau.com\/clausing\/wp-content\/uploads\/2024\/03\/Bild016.jpg\" class=\"attachment-large size-large\" alt=\"\" srcset=\"https:\/\/www.clausing-tiefbau.com\/clausing\/wp-content\/uploads\/2024\/03\/Bild016.jpg 600w, https:\/\/www.clausing-tiefbau.com\/clausing\/wp-content\/uploads\/2024\/03\/Bild016-300x225.jpg 300w\" sizes=\"auto, (max-width: 600px) 100vw, 600px\" \/><\/div>\t\t<\/div>\r\n\t\t\t<\/article>\r\n\t<article class=\"w-grid-item us_animate_afr size_1x1 post-1551 attachment type-attachment status-inherit hentry\" data-id=\"1551\">\r\n\t\t<div class=\"w-grid-item-h\">\r\n\t\t\t\t\t\t<div class=\"w-post-elm post_image usg_post_image_1 stretched\"><img loading=\"lazy\" decoding=\"async\" width=\"480\" height=\"640\" src=\"https:\/\/www.clausing-tiefbau.com\/clausing\/wp-content\/uploads\/2024\/03\/2.jpg\" class=\"attachment-large size-large\" alt=\"\" srcset=\"https:\/\/www.clausing-tiefbau.com\/clausing\/wp-content\/uploads\/2024\/03\/2.jpg 480w, https:\/\/www.clausing-tiefbau.com\/clausing\/wp-content\/uploads\/2024\/03\/2-225x300.jpg 225w\" sizes=\"auto, (max-width: 480px) 100vw, 480px\" \/><\/div>\t\t<\/div>\r\n\t\t\t<\/article>\r\n\t<article class=\"w-grid-item us_animate_afr size_1x1 post-1550 attachment type-attachment status-inherit hentry\" data-id=\"1550\">\r\n\t\t<div class=\"w-grid-item-h\">\r\n\t\t\t\t\t\t<div class=\"w-post-elm post_image usg_post_image_1 stretched\"><img loading=\"lazy\" decoding=\"async\" width=\"450\" height=\"600\" src=\"https:\/\/www.clausing-tiefbau.com\/clausing\/wp-content\/uploads\/2024\/03\/Bild053.jpg\" class=\"attachment-large size-large\" alt=\"\" srcset=\"https:\/\/www.clausing-tiefbau.com\/clausing\/wp-content\/uploads\/2024\/03\/Bild053.jpg 450w, https:\/\/www.clausing-tiefbau.com\/clausing\/wp-content\/uploads\/2024\/03\/Bild053-225x300.jpg 225w\" sizes=\"auto, (max-width: 450px) 100vw, 450px\" \/><\/div>\t\t<\/div>\r\n\t\t\t<\/article>\r\n\t<article class=\"w-grid-item us_animate_afr size_1x1 post-1549 attachment type-attachment status-inherit hentry\" data-id=\"1549\">\r\n\t\t<div class=\"w-grid-item-h\">\r\n\t\t\t\t\t\t<div class=\"w-post-elm post_image usg_post_image_1 stretched\"><img loading=\"lazy\" decoding=\"async\" width=\"600\" height=\"449\" src=\"https:\/\/www.clausing-tiefbau.com\/clausing\/wp-content\/uploads\/2024\/03\/444.jpg\" class=\"attachment-large size-large\" alt=\"\" srcset=\"https:\/\/www.clausing-tiefbau.com\/clausing\/wp-content\/uploads\/2024\/03\/444.jpg 600w, https:\/\/www.clausing-tiefbau.com\/clausing\/wp-content\/uploads\/2024\/03\/444-300x225.jpg 300w\" sizes=\"auto, (max-width: 600px) 100vw, 600px\" \/><\/div>\t\t<\/div>\r\n\t\t\t<\/article>\r\n<\/div><div class=\"w-grid-preloader\">\t<div class=\"g-preloader type_1\">\r\n\t\t<div><\/div>\r\n\t<\/div>\r\n\t<\/div>\t<div class=\"w-grid-json hidden\" onclick='return {&quot;action&quot;:&quot;us_ajax_grid&quot;,&quot;infinite_scroll&quot;:0,&quot;max_num_pages&quot;:1,&quot;pagination&quot;:&quot;none&quot;,&quot;template_vars&quot;:{&quot;columns&quot;:&quot;1&quot;,&quot;exclude_items&quot;:&quot;none&quot;,&quot;img_size&quot;:&quot;default&quot;,&quot;ignore_items_size&quot;:0,&quot;items_layout&quot;:&quot;gallery_cropped&quot;,&quot;items_offset&quot;:&quot;1&quot;,&quot;load_animation&quot;:&quot;afr&quot;,&quot;overriding_link&quot;:&quot;%7B%22url%22%3A%22%22%7D&quot;,&quot;post_id&quot;:0,&quot;query_args&quot;:{&quot;post_type&quot;:[&quot;attachment&quot;],&quot;post__in&quot;:[&quot;1552&quot;,&quot;1550&quot;,&quot;1549&quot;,&quot;1551&quot;],&quot;post_status&quot;:&quot;inherit&quot;,&quot;post_mime_type&quot;:&quot;image&quot;,&quot;posts_per_page&quot;:&quot;4&quot;},&quot;orderby_query_args&quot;:{&quot;orderby&quot;:{&quot;date&quot;:&quot;DESC&quot;}},&quot;type&quot;:&quot;grid&quot;,&quot;us_grid_post_type&quot;:&quot;attachment&quot;,&quot;us_grid_ajax_index&quot;:1,&quot;us_grid_filter_params&quot;:[],&quot;us_grid_index&quot;:1,&quot;page_args&quot;:[]}}'><\/div>\r\n\t<\/div><\/div><\/div><\/div><\/div><\/div><\/div><\/div><\/section>\n","protected":false},"excerpt":{"rendered":"","protected":false},"author":1,"featured_media":0,"parent":0,"menu_order":0,"comment_status":"closed","ping_status":"closed","template":"","meta":{"footnotes":""},"class_list":["post-1125","page","type-page","status-publish","hentry"],"yoast_head":"<!-- This site is optimized with the Yoast SEO plugin v27.5 - https:\/\/yoast.com\/product\/yoast-seo-wordpress\/ -->\n<title>Clausing Tiefbau \u2013 Ihr Partner f\u00fcr den Tiefbau.<\/title>\n<meta name=\"description\" content=\"CLAUSING \u2013 Ihr Partner f\u00fcr den Tiefbau. Wir l\u00f6sen anstehende Aufgaben ... Wir freuen uns auf Ihren Kontakt. CLAUSING GMBH. Emsweg 1, 49090 Osnabr\u00fcck\" \/>\n<meta name=\"robots\" content=\"index, follow, max-snippet:-1, max-image-preview:large, max-video-preview:-1\" \/>\n<link rel=\"canonical\" href=\"https:\/\/www.clausing-tiefbau.com\/clausing\/leistungen\/\" \/>\n<meta property=\"og:locale\" content=\"de_DE\" \/>\n<meta property=\"og:type\" content=\"article\" \/>\n<meta property=\"og:title\" content=\"Clausing Tiefbau \u2013 Ihr Partner f\u00fcr den Tiefbau.\" \/>\n<meta property=\"og:description\" content=\"CLAUSING \u2013 Ihr Partner f\u00fcr den Tiefbau. Wir l\u00f6sen anstehende Aufgaben ... Wir freuen uns auf Ihren Kontakt. CLAUSING GMBH. Emsweg 1, 49090 Osnabr\u00fcck\" \/>\n<meta property=\"og:url\" content=\"https:\/\/www.clausing-tiefbau.com\/clausing\/leistungen\/\" \/>\n<meta property=\"og:site_name\" content=\"Clausing Tiefbau\" \/>\n<meta property=\"article:modified_time\" content=\"2024-06-18T09:02:32+00:00\" \/>\n<meta name=\"twitter:card\" content=\"summary_large_image\" \/>\n<meta name=\"twitter:label1\" content=\"Gesch\u00e4tzte Lesezeit\" \/>\n\t<meta name=\"twitter:data1\" content=\"5\u00a0Minuten\" \/>\n<script type=\"application\/ld+json\" class=\"yoast-schema-graph\">{\"@context\":\"https:\\\/\\\/schema.org\",\"@graph\":[{\"@type\":\"WebPage\",\"@id\":\"https:\\\/\\\/www.clausing-tiefbau.com\\\/clausing\\\/leistungen\\\/\",\"url\":\"https:\\\/\\\/www.clausing-tiefbau.com\\\/clausing\\\/leistungen\\\/\",\"name\":\"Clausing Tiefbau \u2013 Ihr Partner f\u00fcr den Tiefbau.\",\"isPartOf\":{\"@id\":\"https:\\\/\\\/www.clausing-tiefbau.com\\\/clausing\\\/#website\"},\"datePublished\":\"2024-03-19T09:31:35+00:00\",\"dateModified\":\"2024-06-18T09:02:32+00:00\",\"description\":\"CLAUSING \u2013 Ihr Partner f\u00fcr den Tiefbau. Wir l\u00f6sen anstehende Aufgaben ... Wir freuen uns auf Ihren Kontakt. CLAUSING GMBH. Emsweg 1, 49090 Osnabr\u00fcck\",\"breadcrumb\":{\"@id\":\"https:\\\/\\\/www.clausing-tiefbau.com\\\/clausing\\\/leistungen\\\/#breadcrumb\"},\"inLanguage\":\"de\",\"potentialAction\":[{\"@type\":\"ReadAction\",\"target\":[\"https:\\\/\\\/www.clausing-tiefbau.com\\\/clausing\\\/leistungen\\\/\"]}]},{\"@type\":\"BreadcrumbList\",\"@id\":\"https:\\\/\\\/www.clausing-tiefbau.com\\\/clausing\\\/leistungen\\\/#breadcrumb\",\"itemListElement\":[{\"@type\":\"ListItem\",\"position\":1,\"name\":\"Startseite\",\"item\":\"https:\\\/\\\/www.clausing-tiefbau.com\\\/clausing\\\/\"},{\"@type\":\"ListItem\",\"position\":2,\"name\":\"Leistungen\"}]},{\"@type\":\"WebSite\",\"@id\":\"https:\\\/\\\/www.clausing-tiefbau.com\\\/clausing\\\/#website\",\"url\":\"https:\\\/\\\/www.clausing-tiefbau.com\\\/clausing\\\/\",\"name\":\"Clausing Tiefbau\",\"description\":\"Ihr Partner f\u00fcr den Tiefbau.\",\"potentialAction\":[{\"@type\":\"SearchAction\",\"target\":{\"@type\":\"EntryPoint\",\"urlTemplate\":\"https:\\\/\\\/www.clausing-tiefbau.com\\\/clausing\\\/?s={search_term_string}\"},\"query-input\":{\"@type\":\"PropertyValueSpecification\",\"valueRequired\":true,\"valueName\":\"search_term_string\"}}],\"inLanguage\":\"de\"}]}<\/script>\n<!-- \/ Yoast SEO plugin. -->","yoast_head_json":{"title":"Clausing Tiefbau \u2013 Ihr Partner f\u00fcr den Tiefbau.","description":"CLAUSING \u2013 Ihr Partner f\u00fcr den Tiefbau. Wir l\u00f6sen anstehende Aufgaben ... Wir freuen uns auf Ihren Kontakt. CLAUSING GMBH. Emsweg 1, 49090 Osnabr\u00fcck","robots":{"index":"index","follow":"follow","max-snippet":"max-snippet:-1","max-image-preview":"max-image-preview:large","max-video-preview":"max-video-preview:-1"},"canonical":"https:\/\/www.clausing-tiefbau.com\/clausing\/leistungen\/","og_locale":"de_DE","og_type":"article","og_title":"Clausing Tiefbau \u2013 Ihr Partner f\u00fcr den Tiefbau.","og_description":"CLAUSING \u2013 Ihr Partner f\u00fcr den Tiefbau. Wir l\u00f6sen anstehende Aufgaben ... Wir freuen uns auf Ihren Kontakt. CLAUSING GMBH. Emsweg 1, 49090 Osnabr\u00fcck","og_url":"https:\/\/www.clausing-tiefbau.com\/clausing\/leistungen\/","og_site_name":"Clausing Tiefbau","article_modified_time":"2024-06-18T09:02:32+00:00","twitter_card":"summary_large_image","twitter_misc":{"Gesch\u00e4tzte Lesezeit":"5\u00a0Minuten"},"schema":{"@context":"https:\/\/schema.org","@graph":[{"@type":"WebPage","@id":"https:\/\/www.clausing-tiefbau.com\/clausing\/leistungen\/","url":"https:\/\/www.clausing-tiefbau.com\/clausing\/leistungen\/","name":"Clausing Tiefbau \u2013 Ihr Partner f\u00fcr den Tiefbau.","isPartOf":{"@id":"https:\/\/www.clausing-tiefbau.com\/clausing\/#website"},"datePublished":"2024-03-19T09:31:35+00:00","dateModified":"2024-06-18T09:02:32+00:00","description":"CLAUSING \u2013 Ihr Partner f\u00fcr den Tiefbau. Wir l\u00f6sen anstehende Aufgaben ... Wir freuen uns auf Ihren Kontakt. CLAUSING GMBH. Emsweg 1, 49090 Osnabr\u00fcck","breadcrumb":{"@id":"https:\/\/www.clausing-tiefbau.com\/clausing\/leistungen\/#breadcrumb"},"inLanguage":"de","potentialAction":[{"@type":"ReadAction","target":["https:\/\/www.clausing-tiefbau.com\/clausing\/leistungen\/"]}]},{"@type":"BreadcrumbList","@id":"https:\/\/www.clausing-tiefbau.com\/clausing\/leistungen\/#breadcrumb","itemListElement":[{"@type":"ListItem","position":1,"name":"Startseite","item":"https:\/\/www.clausing-tiefbau.com\/clausing\/"},{"@type":"ListItem","position":2,"name":"Leistungen"}]},{"@type":"WebSite","@id":"https:\/\/www.clausing-tiefbau.com\/clausing\/#website","url":"https:\/\/www.clausing-tiefbau.com\/clausing\/","name":"Clausing Tiefbau","description":"Ihr Partner f\u00fcr den Tiefbau.","potentialAction":[{"@type":"SearchAction","target":{"@type":"EntryPoint","urlTemplate":"https:\/\/www.clausing-tiefbau.com\/clausing\/?s={search_term_string}"},"query-input":{"@type":"PropertyValueSpecification","valueRequired":true,"valueName":"search_term_string"}}],"inLanguage":"de"}]}},"_links":{"self":[{"href":"https:\/\/www.clausing-tiefbau.com\/clausing\/wp-json\/wp\/v2\/pages\/1125","targetHints":{"allow":["GET"]}}],"collection":[{"href":"https:\/\/www.clausing-tiefbau.com\/clausing\/wp-json\/wp\/v2\/pages"}],"about":[{"href":"https:\/\/www.clausing-tiefbau.com\/clausing\/wp-json\/wp\/v2\/types\/page"}],"author":[{"embeddable":true,"href":"https:\/\/www.clausing-tiefbau.com\/clausing\/wp-json\/wp\/v2\/users\/1"}],"replies":[{"embeddable":true,"href":"https:\/\/www.clausing-tiefbau.com\/clausing\/wp-json\/wp\/v2\/comments?post=1125"}],"version-history":[{"count":38,"href":"https:\/\/www.clausing-tiefbau.com\/clausing\/wp-json\/wp\/v2\/pages\/1125\/revisions"}],"predecessor-version":[{"id":2507,"href":"https:\/\/www.clausing-tiefbau.com\/clausing\/wp-json\/wp\/v2\/pages\/1125\/revisions\/2507"}],"wp:attachment":[{"href":"https:\/\/www.clausing-tiefbau.com\/clausing\/wp-json\/wp\/v2\/media?parent=1125"}],"curies":[{"name":"wp","href":"https:\/\/api.w.org\/{rel}","templated":true}]}}