{"id":1514,"date":"2024-03-19T09:31:35","date_gmt":"2024-03-19T09:31:35","guid":{"rendered":"https:\/\/www.clausing-tiefbau.com\/clausing\/?page_id=1514"},"modified":"2025-09-11T12:43:48","modified_gmt":"2025-09-11T10:43:48","slug":"impressum","status":"publish","type":"page","link":"https:\/\/www.clausing-tiefbau.com\/clausing\/impressum\/","title":{"rendered":"Impressum &#038; Rechtliches"},"content":{"rendered":"\r\n<p><strong>Impressum<\/strong><\/p>\r\n<p>CLAUSING GmbH Tiefbauunternehmen <br \/>Emsweg 1<br \/>D- 49090 Osnabr\u00fcck<br \/><br \/><strong>Kontakt<\/strong><br \/>Telefon: +49 (541) 580 568-0<br \/>Fax.: +49 (541) 580 568-110<br \/>E-Mail: info(at)clausing-tiefbau.com<\/p>\r\n<p><strong>Gesch\u00e4ftsf\u00fchrende Gesellschafter:<\/strong><br \/>Dipl. Ing. (FH) EWE Christian Staub<br \/>Dipl. Ing. (FH) Stephan Lemke<\/p>\r\n<p><strong>Registereintrag<\/strong><br \/>Handelsregister: HRB 15751<br \/>Registergericht: Amtsgericht Osnabr\u00fcck<\/p>\r\n<p><strong>Umsatzsteuer-ID<\/strong><br \/>Umsatzsteuer-Identifikationsnummer gem\u00e4\u00df \u00a7 27 a Umsatzsteuergesetz:<br \/>DE117650858<br \/>Steuer-Nr. 66 200 27540<br \/>Gerichtsstand: Osnabr\u00fcck<\/p>\r\n<p><strong>Redaktionell verantwortlich<\/strong><br \/>Herr Christian Staub<\/p>\r\n<p><strong>Copyright<\/strong><br \/>Alle Inhalte, insbesondere Texte, Quellcodes, Bilder und Grafiken dieser Webseiten sind Eigentum von Clausing GmbH Tiefbauunternehmen (kurz Clausing) und urheberechtlich gesch\u00fctzt. Sie d\u00fcrfen in keiner Form insbesondere in digitaler, gedruckter oder schriftlicher Form, auch nicht auszugsweise, ohne das schriftliche Einverst\u00e4ndnis von Clausing genutzt werden.<\/p>\r\n<p><strong>Disclaimer<\/strong><br \/>Bei direkten oder indirekten Verweisen auf fremde Internetseiten (&#8222;Links&#8220;), die au\u00dferhalb des Verantwortungsbereiches von Clausing liegen, w\u00fcrde eine Haftungsverpflichtung ausschlie\u00dflich in dem Fall in Kraft treten, in dem Clausing von den Inhalten Kenntnis hat und es ihm technisch m\u00f6glich und zumutbar w\u00e4re, die Nutzung im Falle rechtswidriger Inhalte zu verhindern.<br \/>Clausing erkl\u00e4rt daher ausdr\u00fccklich, dass zum Zeitpunkt der Linksetzung die entsprechenden verlinkten Seiten frei von illegalen Inhalten waren. Clausing hat keinerlei Einfluss auf die aktuelle und zuk\u00fcnftige Gestaltung und auf die Inhalte der verlinkten\/verkn\u00fcpften Seiten. Deshalb distanziert Clausing sich hiermit ausdr\u00fccklich von allen Inhalten aller verlinkten \/verkn\u00fcpften Seiten, die nach der Linksetzung ver\u00e4ndert wurden. Diese Feststellung gilt f\u00fcr alle innerhalb des eigenen Internetangebotes gesetzten Links und Verweise sowie f\u00fcr Fremdeintr\u00e4ge in von Clausing eingerichteten G\u00e4steb\u00fcchern, Diskussionsforen und Mailinglisten. F\u00fcr illegale, fehlerhafte oder unvollst\u00e4ndige Inhalte und insbesondere f\u00fcr Sch\u00e4den, die aus der Nutzung oder Nichtnutzung solcherart dargebotener Informationen entstehen, haftet allein der Anbieter der Seite, auf welche verwiesen wurde, nicht derjenige, der \u00fcber Links auf die jeweilige Ver\u00f6ffentlichung lediglich verweist.<\/p>\r\n","protected":false},"excerpt":{"rendered":"<p>Impressum CLAUSING GmbH Tiefbauunternehmen Emsweg 1D- 49090 Osnabr\u00fcck KontaktTelefon: +49 (541) 580 568-0Fax.: +49 (541) 580 568-110E-Mail: info(at)clausing-tiefbau.com Gesch\u00e4ftsf\u00fchrende Gesellschafter:Dipl. Ing. (FH) EWE Christian StaubDipl. Ing. (FH) Stephan Lemke RegistereintragHandelsregister: HRB 15751Registergericht: Amtsgericht Osnabr\u00fcck Umsatzsteuer-IDUmsatzsteuer-Identifikationsnummer gem\u00e4\u00df \u00a7 27 a Umsatzsteuergesetz:DE117650858Steuer-Nr. 66 200 27540Gerichtsstand: Osnabr\u00fcck Redaktionell verantwortlichHerr Christian Staub CopyrightAlle Inhalte, insbesondere Texte, Quellcodes, Bilder und&#8230;<\/p>\n","protected":false},"author":1,"featured_media":0,"parent":0,"menu_order":0,"comment_status":"closed","ping_status":"closed","template":"","meta":{"footnotes":""},"class_list":["post-1514","page","type-page","status-publish","hentry"],"yoast_head":"<!-- This site is optimized with the Yoast SEO plugin v27.4 - https:\/\/yoast.com\/product\/yoast-seo-wordpress\/ -->\n<title>Clausing Tiefbau \u2013 Ihr Partner f\u00fcr den Tiefbau.<\/title>\n<meta name=\"description\" content=\"CLAUSING \u2013 Ihr Partner f\u00fcr den Tiefbau. Wir l\u00f6sen anstehende Aufgaben ... Wir freuen uns auf Ihren Kontakt. CLAUSING GMBH. Emsweg 1, 49090 Osnabr\u00fcck\" \/>\n<meta name=\"robots\" content=\"index, follow, max-snippet:-1, max-image-preview:large, max-video-preview:-1\" \/>\n<link rel=\"canonical\" href=\"https:\/\/www.clausing-tiefbau.com\/clausing\/impressum\/\" \/>\n<meta property=\"og:locale\" content=\"de_DE\" \/>\n<meta property=\"og:type\" content=\"article\" \/>\n<meta property=\"og:title\" content=\"Clausing Tiefbau \u2013 Ihr Partner f\u00fcr den Tiefbau.\" \/>\n<meta property=\"og:description\" content=\"CLAUSING \u2013 Ihr Partner f\u00fcr den Tiefbau. Wir l\u00f6sen anstehende Aufgaben ... Wir freuen uns auf Ihren Kontakt. CLAUSING GMBH. Emsweg 1, 49090 Osnabr\u00fcck\" \/>\n<meta property=\"og:url\" content=\"https:\/\/www.clausing-tiefbau.com\/clausing\/impressum\/\" \/>\n<meta property=\"og:site_name\" content=\"Clausing Tiefbau\" \/>\n<meta property=\"article:modified_time\" content=\"2025-09-11T10:43:48+00:00\" \/>\n<meta name=\"twitter:card\" content=\"summary_large_image\" \/>\n<meta name=\"twitter:label1\" content=\"Gesch\u00e4tzte Lesezeit\" \/>\n\t<meta name=\"twitter:data1\" content=\"2\u00a0Minuten\" \/>\n<script type=\"application\/ld+json\" class=\"yoast-schema-graph\">{\"@context\":\"https:\\\/\\\/schema.org\",\"@graph\":[{\"@type\":\"WebPage\",\"@id\":\"https:\\\/\\\/www.clausing-tiefbau.com\\\/clausing\\\/impressum\\\/\",\"url\":\"https:\\\/\\\/www.clausing-tiefbau.com\\\/clausing\\\/impressum\\\/\",\"name\":\"Clausing Tiefbau \u2013 Ihr Partner f\u00fcr den Tiefbau.\",\"isPartOf\":{\"@id\":\"https:\\\/\\\/www.clausing-tiefbau.com\\\/clausing\\\/#website\"},\"datePublished\":\"2024-03-19T09:31:35+00:00\",\"dateModified\":\"2025-09-11T10:43:48+00:00\",\"description\":\"CLAUSING \u2013 Ihr Partner f\u00fcr den Tiefbau. Wir l\u00f6sen anstehende Aufgaben ... Wir freuen uns auf Ihren Kontakt. CLAUSING GMBH. Emsweg 1, 49090 Osnabr\u00fcck\",\"breadcrumb\":{\"@id\":\"https:\\\/\\\/www.clausing-tiefbau.com\\\/clausing\\\/impressum\\\/#breadcrumb\"},\"inLanguage\":\"de\",\"potentialAction\":[{\"@type\":\"ReadAction\",\"target\":[\"https:\\\/\\\/www.clausing-tiefbau.com\\\/clausing\\\/impressum\\\/\"]}]},{\"@type\":\"BreadcrumbList\",\"@id\":\"https:\\\/\\\/www.clausing-tiefbau.com\\\/clausing\\\/impressum\\\/#breadcrumb\",\"itemListElement\":[{\"@type\":\"ListItem\",\"position\":1,\"name\":\"Startseite\",\"item\":\"https:\\\/\\\/www.clausing-tiefbau.com\\\/clausing\\\/\"},{\"@type\":\"ListItem\",\"position\":2,\"name\":\"Impressum &#038; Rechtliches\"}]},{\"@type\":\"WebSite\",\"@id\":\"https:\\\/\\\/www.clausing-tiefbau.com\\\/clausing\\\/#website\",\"url\":\"https:\\\/\\\/www.clausing-tiefbau.com\\\/clausing\\\/\",\"name\":\"Clausing Tiefbau\",\"description\":\"Ihr Partner f\u00fcr den Tiefbau.\",\"potentialAction\":[{\"@type\":\"SearchAction\",\"target\":{\"@type\":\"EntryPoint\",\"urlTemplate\":\"https:\\\/\\\/www.clausing-tiefbau.com\\\/clausing\\\/?s={search_term_string}\"},\"query-input\":{\"@type\":\"PropertyValueSpecification\",\"valueRequired\":true,\"valueName\":\"search_term_string\"}}],\"inLanguage\":\"de\"}]}<\/script>\n<!-- \/ Yoast SEO plugin. -->","yoast_head_json":{"title":"Clausing Tiefbau \u2013 Ihr Partner f\u00fcr den Tiefbau.","description":"CLAUSING \u2013 Ihr Partner f\u00fcr den Tiefbau. Wir l\u00f6sen anstehende Aufgaben ... Wir freuen uns auf Ihren Kontakt. CLAUSING GMBH. Emsweg 1, 49090 Osnabr\u00fcck","robots":{"index":"index","follow":"follow","max-snippet":"max-snippet:-1","max-image-preview":"max-image-preview:large","max-video-preview":"max-video-preview:-1"},"canonical":"https:\/\/www.clausing-tiefbau.com\/clausing\/impressum\/","og_locale":"de_DE","og_type":"article","og_title":"Clausing Tiefbau \u2013 Ihr Partner f\u00fcr den Tiefbau.","og_description":"CLAUSING \u2013 Ihr Partner f\u00fcr den Tiefbau. Wir l\u00f6sen anstehende Aufgaben ... Wir freuen uns auf Ihren Kontakt. CLAUSING GMBH. Emsweg 1, 49090 Osnabr\u00fcck","og_url":"https:\/\/www.clausing-tiefbau.com\/clausing\/impressum\/","og_site_name":"Clausing Tiefbau","article_modified_time":"2025-09-11T10:43:48+00:00","twitter_card":"summary_large_image","twitter_misc":{"Gesch\u00e4tzte Lesezeit":"2\u00a0Minuten"},"schema":{"@context":"https:\/\/schema.org","@graph":[{"@type":"WebPage","@id":"https:\/\/www.clausing-tiefbau.com\/clausing\/impressum\/","url":"https:\/\/www.clausing-tiefbau.com\/clausing\/impressum\/","name":"Clausing Tiefbau \u2013 Ihr Partner f\u00fcr den Tiefbau.","isPartOf":{"@id":"https:\/\/www.clausing-tiefbau.com\/clausing\/#website"},"datePublished":"2024-03-19T09:31:35+00:00","dateModified":"2025-09-11T10:43:48+00:00","description":"CLAUSING \u2013 Ihr Partner f\u00fcr den Tiefbau. Wir l\u00f6sen anstehende Aufgaben ... Wir freuen uns auf Ihren Kontakt. CLAUSING GMBH. Emsweg 1, 49090 Osnabr\u00fcck","breadcrumb":{"@id":"https:\/\/www.clausing-tiefbau.com\/clausing\/impressum\/#breadcrumb"},"inLanguage":"de","potentialAction":[{"@type":"ReadAction","target":["https:\/\/www.clausing-tiefbau.com\/clausing\/impressum\/"]}]},{"@type":"BreadcrumbList","@id":"https:\/\/www.clausing-tiefbau.com\/clausing\/impressum\/#breadcrumb","itemListElement":[{"@type":"ListItem","position":1,"name":"Startseite","item":"https:\/\/www.clausing-tiefbau.com\/clausing\/"},{"@type":"ListItem","position":2,"name":"Impressum &#038; Rechtliches"}]},{"@type":"WebSite","@id":"https:\/\/www.clausing-tiefbau.com\/clausing\/#website","url":"https:\/\/www.clausing-tiefbau.com\/clausing\/","name":"Clausing Tiefbau","description":"Ihr Partner f\u00fcr den Tiefbau.","potentialAction":[{"@type":"SearchAction","target":{"@type":"EntryPoint","urlTemplate":"https:\/\/www.clausing-tiefbau.com\/clausing\/?s={search_term_string}"},"query-input":{"@type":"PropertyValueSpecification","valueRequired":true,"valueName":"search_term_string"}}],"inLanguage":"de"}]}},"_links":{"self":[{"href":"https:\/\/www.clausing-tiefbau.com\/clausing\/wp-json\/wp\/v2\/pages\/1514","targetHints":{"allow":["GET"]}}],"collection":[{"href":"https:\/\/www.clausing-tiefbau.com\/clausing\/wp-json\/wp\/v2\/pages"}],"about":[{"href":"https:\/\/www.clausing-tiefbau.com\/clausing\/wp-json\/wp\/v2\/types\/page"}],"author":[{"embeddable":true,"href":"https:\/\/www.clausing-tiefbau.com\/clausing\/wp-json\/wp\/v2\/users\/1"}],"replies":[{"embeddable":true,"href":"https:\/\/www.clausing-tiefbau.com\/clausing\/wp-json\/wp\/v2\/comments?post=1514"}],"version-history":[{"count":8,"href":"https:\/\/www.clausing-tiefbau.com\/clausing\/wp-json\/wp\/v2\/pages\/1514\/revisions"}],"predecessor-version":[{"id":2614,"href":"https:\/\/www.clausing-tiefbau.com\/clausing\/wp-json\/wp\/v2\/pages\/1514\/revisions\/2614"}],"wp:attachment":[{"href":"https:\/\/www.clausing-tiefbau.com\/clausing\/wp-json\/wp\/v2\/media?parent=1514"}],"curies":[{"name":"wp","href":"https:\/\/api.w.org\/{rel}","templated":true}]}}