{"id":1643,"date":"2024-03-19T13:59:36","date_gmt":"2024-03-19T13:59:36","guid":{"rendered":"https:\/\/www.clausing-tiefbau.com\/clausing\/?page_id=1643"},"modified":"2024-05-15T14:18:17","modified_gmt":"2024-05-15T14:18:17","slug":"unser-fuhrpark","status":"publish","type":"page","link":"https:\/\/www.clausing-tiefbau.com\/clausing\/das-unternehmen\/unser-fuhrpark\/","title":{"rendered":"Unser Fuhrpark"},"content":{"rendered":"<section class=\"l-section wpb_row height_medium\"><div class=\"l-section-h i-cf\"><div class=\"g-cols vc_row via_grid cols_1 laptops-cols_inherit tablets-cols_inherit mobiles-cols_1 valign_top type_default stacking_default\"><div class=\"wpb_column vc_column_container\"><div class=\"vc_column-inner\"><h1 class=\"w-post-elm post_title align_left entry-title color_link_inherit\">Unser Fuhrpark<\/h1><div class=\"wpb_text_column\"><div class=\"wpb_wrapper\"><p>Durch unseren eigenen Fuhrpark sind wir jederzeit mobil, k\u00f6nnen flink auf Eventualit\u00e4ten reagieren und liefern Baumaterialien \u201ejust in time\u201c. Auf der Baustelle kommt es immer wieder vor, dass unvorhergesehene Umst\u00e4nde auftreten und eine schnelle Reaktion gefragt ist. Durch unseren Fuhrpark ist es uns m\u00f6glich, flexibel mit solchen Situationen umzugehen, Material nachzuliefern, Bauschutt abzutransportieren oder Material zur Produktion direkt vor Ort bereitzustellen. Machen Sie sich ein Bild von unserem modernen Equipment:<\/p>\n<\/div><\/div><div class=\"w-separator size_medium\"><\/div><div class=\"w-slider style_none fit_contain\"><div class=\"w-slider-h\"><div class=\"royalSlider\"><div class=\"rsContent\"><a class=\"rsImg\" data-rsw=\"980\" data-rsh=\"567\" data-rsBigImg=\"https:\/\/www.clausing-tiefbau.com\/clausing\/wp-content\/uploads\/2024\/04\/fp7.jpg\" href=\"https:\/\/www.clausing-tiefbau.com\/clausing\/wp-content\/uploads\/2024\/04\/fp7.jpg\"><span data-alt=\"\"><\/span><\/a><\/div><div class=\"rsContent\"><a class=\"rsImg\" data-rsw=\"980\" data-rsh=\"567\" data-rsBigImg=\"https:\/\/www.clausing-tiefbau.com\/clausing\/wp-content\/uploads\/2024\/04\/fp6.jpg\" href=\"https:\/\/www.clausing-tiefbau.com\/clausing\/wp-content\/uploads\/2024\/04\/fp6.jpg\"><span data-alt=\"\"><\/span><\/a><\/div><div class=\"rsContent\"><a class=\"rsImg\" data-rsw=\"980\" data-rsh=\"567\" data-rsBigImg=\"https:\/\/www.clausing-tiefbau.com\/clausing\/wp-content\/uploads\/2024\/04\/fp2.jpg\" href=\"https:\/\/www.clausing-tiefbau.com\/clausing\/wp-content\/uploads\/2024\/04\/fp2.jpg\"><span data-alt=\"\"><\/span><\/a><\/div><div class=\"rsContent\"><a class=\"rsImg\" data-rsw=\"980\" data-rsh=\"567\" data-rsBigImg=\"https:\/\/www.clausing-tiefbau.com\/clausing\/wp-content\/uploads\/2024\/04\/fp1.jpg\" href=\"https:\/\/www.clausing-tiefbau.com\/clausing\/wp-content\/uploads\/2024\/04\/fp1.jpg\"><span data-alt=\"\"><\/span><\/a><\/div><div class=\"rsContent\"><a class=\"rsImg\" data-rsw=\"980\" data-rsh=\"567\" data-rsBigImg=\"https:\/\/www.clausing-tiefbau.com\/clausing\/wp-content\/uploads\/2024\/04\/fp5.jpg\" href=\"https:\/\/www.clausing-tiefbau.com\/clausing\/wp-content\/uploads\/2024\/04\/fp5.jpg\"><span data-alt=\"\"><\/span><\/a><\/div><div class=\"rsContent\"><a class=\"rsImg\" data-rsw=\"980\" data-rsh=\"567\" data-rsBigImg=\"https:\/\/www.clausing-tiefbau.com\/clausing\/wp-content\/uploads\/2024\/04\/fp4.jpg\" href=\"https:\/\/www.clausing-tiefbau.com\/clausing\/wp-content\/uploads\/2024\/04\/fp4.jpg\"><span data-alt=\"\"><\/span><\/a><\/div><div class=\"rsContent\"><a class=\"rsImg\" data-rsw=\"2560\" data-rsh=\"1920\" data-rsBigImg=\"https:\/\/www.clausing-tiefbau.com\/clausing\/wp-content\/uploads\/2024\/04\/Radlader-Bodenmanagement-scaled-1.jpg\" href=\"https:\/\/www.clausing-tiefbau.com\/clausing\/wp-content\/uploads\/2024\/04\/Radlader-Bodenmanagement-scaled-1.jpg\"><span data-alt=\"\"><\/span><\/a><\/div><div class=\"rsContent\"><a class=\"rsImg\" data-rsw=\"980\" data-rsh=\"567\" data-rsBigImg=\"https:\/\/www.clausing-tiefbau.com\/clausing\/wp-content\/uploads\/2024\/04\/fp10.jpg\" href=\"https:\/\/www.clausing-tiefbau.com\/clausing\/wp-content\/uploads\/2024\/04\/fp10.jpg\"><span data-alt=\"\"><\/span><\/a><\/div><div class=\"rsContent\"><a class=\"rsImg\" data-rsw=\"980\" data-rsh=\"567\" data-rsBigImg=\"https:\/\/www.clausing-tiefbau.com\/clausing\/wp-content\/uploads\/2024\/04\/fp9.jpg\" href=\"https:\/\/www.clausing-tiefbau.com\/clausing\/wp-content\/uploads\/2024\/04\/fp9.jpg\"><span data-alt=\"\"><\/span><\/a><\/div><div class=\"rsContent\"><a class=\"rsImg\" data-rsw=\"1165\" data-rsh=\"742\" data-rsBigImg=\"https:\/\/www.clausing-tiefbau.com\/clausing\/wp-content\/uploads\/2024\/04\/Mischer.jpg\" href=\"https:\/\/www.clausing-tiefbau.com\/clausing\/wp-content\/uploads\/2024\/04\/Mischer.jpg\"><span data-alt=\"\"><\/span><\/a><\/div><div class=\"rsContent\"><a class=\"rsImg\" data-rsw=\"980\" data-rsh=\"567\" data-rsBigImg=\"https:\/\/www.clausing-tiefbau.com\/clausing\/wp-content\/uploads\/2024\/04\/fp8.jpg\" href=\"https:\/\/www.clausing-tiefbau.com\/clausing\/wp-content\/uploads\/2024\/04\/fp8.jpg\"><span data-alt=\"\"><\/span><\/a><\/div><div class=\"rsContent\"><a class=\"rsImg\" data-rsw=\"980\" data-rsh=\"567\" data-rsBigImg=\"https:\/\/www.clausing-tiefbau.com\/clausing\/wp-content\/uploads\/2024\/04\/fp3.jpg\" href=\"https:\/\/www.clausing-tiefbau.com\/clausing\/wp-content\/uploads\/2024\/04\/fp3.jpg\"><span data-alt=\"\"><\/span><\/a><\/div><div class=\"rsContent\"><a class=\"rsImg\" data-rsw=\"2560\" data-rsh=\"1707\" data-rsBigImg=\"https:\/\/www.clausing-tiefbau.com\/clausing\/wp-content\/uploads\/2024\/04\/2022-09-09-Clausing-045-scaled.jpg\" href=\"https:\/\/www.clausing-tiefbau.com\/clausing\/wp-content\/uploads\/2024\/04\/2022-09-09-Clausing-045-scaled.jpg\"><span data-alt=\"\"><\/span><\/a><\/div><div class=\"rsContent\"><a class=\"rsImg\" data-rsw=\"980\" data-rsh=\"567\" data-rsBigImg=\"https:\/\/www.clausing-tiefbau.com\/clausing\/wp-content\/uploads\/2024\/04\/fp11.jpg\" href=\"https:\/\/www.clausing-tiefbau.com\/clausing\/wp-content\/uploads\/2024\/04\/fp11.jpg\"><span data-alt=\"\"><\/span><\/a><\/div><\/div><img decoding=\"async\" src=\"https:\/\/www.clausing-tiefbau.com\/clausing\/wp-content\/uploads\/2024\/04\/fp7.jpg\" width=\"980\" height=\"567\" alt loading=\"lazy\"><\/div><div class=\"w-slider-json\" onclick='return {&quot;autoScaleSlider&quot;:true,&quot;loop&quot;:true,&quot;fadeInLoadedSlide&quot;:false,&quot;slidesSpacing&quot;:0,&quot;imageScalePadding&quot;:0,&quot;numImagesToPreload&quot;:2,&quot;arrowsNav&quot;:true,&quot;arrowsNavAutoHide&quot;:false,&quot;transitionType&quot;:&quot;move&quot;,&quot;transitionSpeed&quot;:250,&quot;block&quot;:{&quot;moveEffect&quot;:&quot;none&quot;,&quot;speed&quot;:300},&quot;thumbs&quot;:{&quot;fitInViewport&quot;:false},&quot;controlNavigation&quot;:&quot;none&quot;,&quot;autoplay&quot;:{&quot;enabled&quot;:true,&quot;pauseOnHover&quot;:true,&quot;delay&quot;:3000},&quot;fullscreen&quot;:{&quot;enabled&quot;:true},&quot;imageScaleMode&quot;:&quot;fit&quot;,&quot;autoScaleSliderWidth&quot;:980,&quot;autoScaleSliderHeight&quot;:567}'><\/div><\/div><\/div><\/div><\/div><\/div><\/section>\n","protected":false},"excerpt":{"rendered":"Unser FuhrparkDurch unseren eigenen Fuhrpark sind wir jederzeit mobil, k\u00f6nnen flink auf Eventualit\u00e4ten reagieren und liefern Baumaterialien \u201ejust in time\u201c. Auf der Baustelle kommt es immer wieder vor, dass unvorhergesehene Umst\u00e4nde auftreten und eine schnelle Reaktion gefragt ist. Durch unseren Fuhrpark ist es uns m\u00f6glich, flexibel mit solchen Situationen umzugehen, Material nachzuliefern, Bauschutt abzutransportieren oder...","protected":false},"author":1,"featured_media":0,"parent":2,"menu_order":0,"comment_status":"closed","ping_status":"open","template":"","meta":{"footnotes":""},"class_list":["post-1643","page","type-page","status-publish","hentry"],"yoast_head":"<!-- This site is optimized with the Yoast SEO plugin v27.4 - https:\/\/yoast.com\/product\/yoast-seo-wordpress\/ -->\n<title>Clausing Tiefbau \u2013 Ihr Partner f\u00fcr den Tiefbau.<\/title>\n<meta name=\"description\" content=\"CLAUSING \u2013 Ihr Partner f\u00fcr den Tiefbau. Wir l\u00f6sen anstehende Aufgaben ... Wir freuen uns auf Ihren Kontakt. CLAUSING GMBH. Emsweg 1, 49090 Osnabr\u00fcck\" \/>\n<meta name=\"robots\" content=\"index, follow, max-snippet:-1, max-image-preview:large, max-video-preview:-1\" \/>\n<link rel=\"canonical\" href=\"https:\/\/www.clausing-tiefbau.com\/clausing\/das-unternehmen\/unser-fuhrpark\/\" \/>\n<meta property=\"og:locale\" content=\"de_DE\" \/>\n<meta property=\"og:type\" content=\"article\" \/>\n<meta property=\"og:title\" content=\"Clausing Tiefbau \u2013 Ihr Partner f\u00fcr den Tiefbau.\" \/>\n<meta property=\"og:description\" content=\"CLAUSING \u2013 Ihr Partner f\u00fcr den Tiefbau. Wir l\u00f6sen anstehende Aufgaben ... Wir freuen uns auf Ihren Kontakt. CLAUSING GMBH. Emsweg 1, 49090 Osnabr\u00fcck\" \/>\n<meta property=\"og:url\" content=\"https:\/\/www.clausing-tiefbau.com\/clausing\/das-unternehmen\/unser-fuhrpark\/\" \/>\n<meta property=\"og:site_name\" content=\"Clausing Tiefbau\" \/>\n<meta property=\"article:modified_time\" content=\"2024-05-15T14:18:17+00:00\" \/>\n<meta name=\"twitter:card\" content=\"summary_large_image\" \/>\n<meta name=\"twitter:label1\" content=\"Gesch\u00e4tzte Lesezeit\" \/>\n\t<meta name=\"twitter:data1\" content=\"1\u00a0Minute\" \/>\n<script type=\"application\/ld+json\" class=\"yoast-schema-graph\">{\"@context\":\"https:\\\/\\\/schema.org\",\"@graph\":[{\"@type\":\"WebPage\",\"@id\":\"https:\\\/\\\/www.clausing-tiefbau.com\\\/clausing\\\/das-unternehmen\\\/unser-fuhrpark\\\/\",\"url\":\"https:\\\/\\\/www.clausing-tiefbau.com\\\/clausing\\\/das-unternehmen\\\/unser-fuhrpark\\\/\",\"name\":\"Clausing Tiefbau \u2013 Ihr Partner f\u00fcr den Tiefbau.\",\"isPartOf\":{\"@id\":\"https:\\\/\\\/www.clausing-tiefbau.com\\\/clausing\\\/#website\"},\"datePublished\":\"2024-03-19T13:59:36+00:00\",\"dateModified\":\"2024-05-15T14:18:17+00:00\",\"description\":\"CLAUSING \u2013 Ihr Partner f\u00fcr den Tiefbau. Wir l\u00f6sen anstehende Aufgaben ... Wir freuen uns auf Ihren Kontakt. CLAUSING GMBH. Emsweg 1, 49090 Osnabr\u00fcck\",\"breadcrumb\":{\"@id\":\"https:\\\/\\\/www.clausing-tiefbau.com\\\/clausing\\\/das-unternehmen\\\/unser-fuhrpark\\\/#breadcrumb\"},\"inLanguage\":\"de\",\"potentialAction\":[{\"@type\":\"ReadAction\",\"target\":[\"https:\\\/\\\/www.clausing-tiefbau.com\\\/clausing\\\/das-unternehmen\\\/unser-fuhrpark\\\/\"]}]},{\"@type\":\"BreadcrumbList\",\"@id\":\"https:\\\/\\\/www.clausing-tiefbau.com\\\/clausing\\\/das-unternehmen\\\/unser-fuhrpark\\\/#breadcrumb\",\"itemListElement\":[{\"@type\":\"ListItem\",\"position\":1,\"name\":\"Startseite\",\"item\":\"https:\\\/\\\/www.clausing-tiefbau.com\\\/clausing\\\/\"},{\"@type\":\"ListItem\",\"position\":2,\"name\":\"Das Unternehmen\",\"item\":\"https:\\\/\\\/www.clausing-tiefbau.com\\\/clausing\\\/das-unternehmen\\\/\"},{\"@type\":\"ListItem\",\"position\":3,\"name\":\"Unser Fuhrpark\"}]},{\"@type\":\"WebSite\",\"@id\":\"https:\\\/\\\/www.clausing-tiefbau.com\\\/clausing\\\/#website\",\"url\":\"https:\\\/\\\/www.clausing-tiefbau.com\\\/clausing\\\/\",\"name\":\"Clausing Tiefbau\",\"description\":\"Ihr Partner f\u00fcr den Tiefbau.\",\"potentialAction\":[{\"@type\":\"SearchAction\",\"target\":{\"@type\":\"EntryPoint\",\"urlTemplate\":\"https:\\\/\\\/www.clausing-tiefbau.com\\\/clausing\\\/?s={search_term_string}\"},\"query-input\":{\"@type\":\"PropertyValueSpecification\",\"valueRequired\":true,\"valueName\":\"search_term_string\"}}],\"inLanguage\":\"de\"}]}<\/script>\n<!-- \/ Yoast SEO plugin. -->","yoast_head_json":{"title":"Clausing Tiefbau \u2013 Ihr Partner f\u00fcr den Tiefbau.","description":"CLAUSING \u2013 Ihr Partner f\u00fcr den Tiefbau. Wir l\u00f6sen anstehende Aufgaben ... Wir freuen uns auf Ihren Kontakt. CLAUSING GMBH. Emsweg 1, 49090 Osnabr\u00fcck","robots":{"index":"index","follow":"follow","max-snippet":"max-snippet:-1","max-image-preview":"max-image-preview:large","max-video-preview":"max-video-preview:-1"},"canonical":"https:\/\/www.clausing-tiefbau.com\/clausing\/das-unternehmen\/unser-fuhrpark\/","og_locale":"de_DE","og_type":"article","og_title":"Clausing Tiefbau \u2013 Ihr Partner f\u00fcr den Tiefbau.","og_description":"CLAUSING \u2013 Ihr Partner f\u00fcr den Tiefbau. Wir l\u00f6sen anstehende Aufgaben ... Wir freuen uns auf Ihren Kontakt. CLAUSING GMBH. Emsweg 1, 49090 Osnabr\u00fcck","og_url":"https:\/\/www.clausing-tiefbau.com\/clausing\/das-unternehmen\/unser-fuhrpark\/","og_site_name":"Clausing Tiefbau","article_modified_time":"2024-05-15T14:18:17+00:00","twitter_card":"summary_large_image","twitter_misc":{"Gesch\u00e4tzte Lesezeit":"1\u00a0Minute"},"schema":{"@context":"https:\/\/schema.org","@graph":[{"@type":"WebPage","@id":"https:\/\/www.clausing-tiefbau.com\/clausing\/das-unternehmen\/unser-fuhrpark\/","url":"https:\/\/www.clausing-tiefbau.com\/clausing\/das-unternehmen\/unser-fuhrpark\/","name":"Clausing Tiefbau \u2013 Ihr Partner f\u00fcr den Tiefbau.","isPartOf":{"@id":"https:\/\/www.clausing-tiefbau.com\/clausing\/#website"},"datePublished":"2024-03-19T13:59:36+00:00","dateModified":"2024-05-15T14:18:17+00:00","description":"CLAUSING \u2013 Ihr Partner f\u00fcr den Tiefbau. Wir l\u00f6sen anstehende Aufgaben ... Wir freuen uns auf Ihren Kontakt. CLAUSING GMBH. Emsweg 1, 49090 Osnabr\u00fcck","breadcrumb":{"@id":"https:\/\/www.clausing-tiefbau.com\/clausing\/das-unternehmen\/unser-fuhrpark\/#breadcrumb"},"inLanguage":"de","potentialAction":[{"@type":"ReadAction","target":["https:\/\/www.clausing-tiefbau.com\/clausing\/das-unternehmen\/unser-fuhrpark\/"]}]},{"@type":"BreadcrumbList","@id":"https:\/\/www.clausing-tiefbau.com\/clausing\/das-unternehmen\/unser-fuhrpark\/#breadcrumb","itemListElement":[{"@type":"ListItem","position":1,"name":"Startseite","item":"https:\/\/www.clausing-tiefbau.com\/clausing\/"},{"@type":"ListItem","position":2,"name":"Das Unternehmen","item":"https:\/\/www.clausing-tiefbau.com\/clausing\/das-unternehmen\/"},{"@type":"ListItem","position":3,"name":"Unser Fuhrpark"}]},{"@type":"WebSite","@id":"https:\/\/www.clausing-tiefbau.com\/clausing\/#website","url":"https:\/\/www.clausing-tiefbau.com\/clausing\/","name":"Clausing Tiefbau","description":"Ihr Partner f\u00fcr den Tiefbau.","potentialAction":[{"@type":"SearchAction","target":{"@type":"EntryPoint","urlTemplate":"https:\/\/www.clausing-tiefbau.com\/clausing\/?s={search_term_string}"},"query-input":{"@type":"PropertyValueSpecification","valueRequired":true,"valueName":"search_term_string"}}],"inLanguage":"de"}]}},"_links":{"self":[{"href":"https:\/\/www.clausing-tiefbau.com\/clausing\/wp-json\/wp\/v2\/pages\/1643","targetHints":{"allow":["GET"]}}],"collection":[{"href":"https:\/\/www.clausing-tiefbau.com\/clausing\/wp-json\/wp\/v2\/pages"}],"about":[{"href":"https:\/\/www.clausing-tiefbau.com\/clausing\/wp-json\/wp\/v2\/types\/page"}],"author":[{"embeddable":true,"href":"https:\/\/www.clausing-tiefbau.com\/clausing\/wp-json\/wp\/v2\/users\/1"}],"replies":[{"embeddable":true,"href":"https:\/\/www.clausing-tiefbau.com\/clausing\/wp-json\/wp\/v2\/comments?post=1643"}],"version-history":[{"count":6,"href":"https:\/\/www.clausing-tiefbau.com\/clausing\/wp-json\/wp\/v2\/pages\/1643\/revisions"}],"predecessor-version":[{"id":1897,"href":"https:\/\/www.clausing-tiefbau.com\/clausing\/wp-json\/wp\/v2\/pages\/1643\/revisions\/1897"}],"up":[{"embeddable":true,"href":"https:\/\/www.clausing-tiefbau.com\/clausing\/wp-json\/wp\/v2\/pages\/2"}],"wp:attachment":[{"href":"https:\/\/www.clausing-tiefbau.com\/clausing\/wp-json\/wp\/v2\/media?parent=1643"}],"curies":[{"name":"wp","href":"https:\/\/api.w.org\/{rel}","templated":true}]}}