{"id":1736,"date":"2024-04-08T15:03:56","date_gmt":"2024-04-08T15:03:56","guid":{"rendered":"https:\/\/www.clausing-tiefbau.com\/clausing\/?page_id=1736"},"modified":"2024-11-28T10:19:44","modified_gmt":"2024-11-28T09:19:44","slug":"geschichte-2","status":"publish","type":"page","link":"https:\/\/www.clausing-tiefbau.com\/clausing\/das-unternehmen\/geschichte-2\/","title":{"rendered":"Geschichte"},"content":{"rendered":"<section class=\"l-section wpb_row height_medium\"><div class=\"l-section-h i-cf\"><div class=\"g-cols vc_row via_grid cols_1 laptops-cols_inherit tablets-cols_inherit mobiles-cols_1 valign_top type_default stacking_default\"><div class=\"wpb_column vc_column_container\"><div class=\"vc_column-inner\"><h1 class=\"w-post-elm post_title align_left entry-title color_link_inherit\">Geschichte<\/h1><div class=\"wpb_text_column\"><div class=\"wpb_wrapper\"><p>Die Clausing GmbH wurde im Jahr 1922 von Georg Clausing gegr\u00fcndet.<br \/>\nAls Bauunternehmen mit den T\u00e4tigkeitsbereichen Hoch- und Tiefbau, Beton- und Eisenbetonarbeiten wurden erste Projekte wie\u2026<\/p>\n<p>Quellerfassung und Bau einer Wasserleitung in Iburg<br \/>\nRegulierung der D\u00fctewiesen f\u00fcr das Kulturbauamt Osnabr\u00fcck<br \/>\nVerlegung von Kabeln f\u00fcr die Reichspost<br \/>\nAusbau einer Gemeindestra\u00dfe in Osnabr\u00fcck-Pye<br \/>\n\u2026mit einem Jahresumsatz von 60.000 bis 70.000 Reichsmark durchgef\u00fchrt.<\/p>\n<p>Im Jahr 1973 wurde die Clausing GmbH, inzwischen ausschlie\u00dflich im Bereich der Grundst\u00fccksentw\u00e4sserung t\u00e4tig, von dem Bauunternehmer G\u00fcnter Staub erworben. 1975 fusionierte die Clausing GmbH mit der Firma Gedatus. Die Unternehmensnachfolge trat im Jahr 1986 sein Sohn Dipl. Ing. Christian Staub an. Die Leistungsbereiche wurden 1975 um Gas- und Wasserversorgungsarbeiten erweitert, welche insbesondere f\u00fcr die Stadtwerke Osnabr\u00fcck ausgef\u00fchrt werden.<\/p>\n<p>Seit 2006 arbeitet die Clausing GmbH des Weiteren im Ver- und Entsorgungsbereich der Stadtwerke Georgsmarienh\u00fctte und seit 2007 auch f\u00fcr die Stadtwerke Lengerich im Bereich der Gasversorgung (Stahlleitungen). Seit 1986 werden ebenfalls erfolgreich Kanal- und Stra\u00dfenbauarbeiten, Erschlie\u00dfungs- sowie Pflasterarbeiten f\u00fcr private und \u00f6ffentliche Auftraggeber ausgef\u00fchrt. Eingetragene Handwerke in die Handwerksrolle der Handwerkskammer Osnabr\u00fcck-Emsland sind das Stra\u00dfenbauerhandwerk und das Installateur- und Heizungsbauerhandwerk. Die Verlegung von Breitbandverkabelung und Errichtung von Glasfaseranschl\u00fcssen wird seit 2019 betrieben. Eine Erweiterung des Gesch\u00e4ftsfeldes im Bereich Bodenmanagement und die Erstellung von Fl\u00fcssigboden wird seit 2018 betrieben. Hier erfolgte die Qualifizierung im Bundesverband Qualit\u00e4tsmanagement Fl\u00fcssigboden.<\/p>\n<p>Auch im Bereich der Kabelmontage ist die Clausing GmbH mit einer speziell durch die RWE geschulten Elektrofachkr\u00e4ften sowie firmeneigenem Werkstattmontagewagen t\u00e4tig (bis 1 KV). Die Ausf\u00fchrung von gesteuertem und ungesteuertem Horizontal-Pressbohrverfahren im Bereich der Hausentw\u00e4sserung wurde als weiterer Leistungsbereich im Jahr 2005 eingef\u00fchrt. F\u00fcr Rohrverlegungen und Rohrmontagen besitzt die Clausing GmbH die DVGW Zulassungen G3 und W3. Seit 2006 ist die Clausing GmbH Mitglied beim G\u00fcteschutz Kanalbau sowie bei der G\u00fctegemeinschaft Leitungstiefbau e.V. und ist in Besitz des G\u00fctezeichens RAL Kanalbau Gruppe AK2 und Kabelleitungstiefbau RAL 962.<\/p>\n<\/div><\/div><div class=\"w-separator size_medium\"><\/div><div class=\"wpb_text_column\"><div class=\"wpb_wrapper\"><div style=\"width: 1280px;\" class=\"wp-video\"><video class=\"wp-video-shortcode\" id=\"video-1736-1\" width=\"1280\" height=\"720\" preload=\"metadata\" controls=\"controls\"><source type=\"video\/mp4\" src=\"https:\/\/www.clausing-tiefbau.com\/clausing\/wp-content\/uploads\/2024\/11\/Clausing-Imagevideo-2024-FINAL-16_9-LOWRES_web.mp4?_=1\" \/><a href=\"https:\/\/www.clausing-tiefbau.com\/clausing\/wp-content\/uploads\/2024\/11\/Clausing-Imagevideo-2024-FINAL-16_9-LOWRES_web.mp4\">https:\/\/www.clausing-tiefbau.com\/clausing\/wp-content\/uploads\/2024\/11\/Clausing-Imagevideo-2024-FINAL-16_9-LOWRES_web.mp4<\/a><\/video><\/div>\n<\/div><\/div><\/div><\/div><\/div><\/div><\/section>\n","protected":false},"excerpt":{"rendered":"GeschichteDie Clausing GmbH wurde im Jahr 1922 von Georg Clausing gegr\u00fcndet. Als Bauunternehmen mit den T\u00e4tigkeitsbereichen Hoch- und Tiefbau, Beton- und Eisenbetonarbeiten wurden erste Projekte wie\u2026 Quellerfassung und Bau einer Wasserleitung in Iburg Regulierung der D\u00fctewiesen f\u00fcr das Kulturbauamt Osnabr\u00fcck Verlegung von Kabeln f\u00fcr die Reichspost Ausbau einer Gemeindestra\u00dfe in Osnabr\u00fcck-Pye \u2026mit einem Jahresumsatz von...","protected":false},"author":1,"featured_media":0,"parent":2,"menu_order":0,"comment_status":"closed","ping_status":"closed","template":"","meta":{"footnotes":""},"class_list":["post-1736","page","type-page","status-publish","hentry"],"yoast_head":"<!-- This site is optimized with the Yoast SEO plugin v27.3 - https:\/\/yoast.com\/product\/yoast-seo-wordpress\/ -->\n<title>Clausing Tiefbau \u2013 Ihr Partner f\u00fcr den Tiefbau.<\/title>\n<meta name=\"description\" content=\"CLAUSING \u2013 Ihr Partner f\u00fcr den Tiefbau. Wir l\u00f6sen anstehende Aufgaben ... Wir freuen uns auf Ihren Kontakt. CLAUSING GMBH. Emsweg 1, 49090 Osnabr\u00fcck\" \/>\n<meta name=\"robots\" content=\"index, follow, max-snippet:-1, max-image-preview:large, max-video-preview:-1\" \/>\n<link rel=\"canonical\" href=\"https:\/\/www.clausing-tiefbau.com\/clausing\/das-unternehmen\/geschichte-2\/\" \/>\n<meta property=\"og:locale\" content=\"de_DE\" \/>\n<meta property=\"og:type\" content=\"article\" \/>\n<meta property=\"og:title\" content=\"Clausing Tiefbau \u2013 Ihr Partner f\u00fcr den Tiefbau.\" \/>\n<meta property=\"og:description\" content=\"CLAUSING \u2013 Ihr Partner f\u00fcr den Tiefbau. Wir l\u00f6sen anstehende Aufgaben ... Wir freuen uns auf Ihren Kontakt. CLAUSING GMBH. Emsweg 1, 49090 Osnabr\u00fcck\" \/>\n<meta property=\"og:url\" content=\"https:\/\/www.clausing-tiefbau.com\/clausing\/das-unternehmen\/geschichte-2\/\" \/>\n<meta property=\"og:site_name\" content=\"Clausing Tiefbau\" \/>\n<meta property=\"article:modified_time\" content=\"2024-11-28T09:19:44+00:00\" \/>\n<meta name=\"twitter:card\" content=\"summary_large_image\" \/>\n<meta name=\"twitter:label1\" content=\"Gesch\u00e4tzte Lesezeit\" \/>\n\t<meta name=\"twitter:data1\" content=\"2\u00a0Minuten\" \/>\n<script type=\"application\/ld+json\" class=\"yoast-schema-graph\">{\"@context\":\"https:\\\/\\\/schema.org\",\"@graph\":[{\"@type\":\"WebPage\",\"@id\":\"https:\\\/\\\/www.clausing-tiefbau.com\\\/clausing\\\/das-unternehmen\\\/geschichte-2\\\/\",\"url\":\"https:\\\/\\\/www.clausing-tiefbau.com\\\/clausing\\\/das-unternehmen\\\/geschichte-2\\\/\",\"name\":\"Clausing Tiefbau \u2013 Ihr Partner f\u00fcr den Tiefbau.\",\"isPartOf\":{\"@id\":\"https:\\\/\\\/www.clausing-tiefbau.com\\\/clausing\\\/#website\"},\"datePublished\":\"2024-04-08T15:03:56+00:00\",\"dateModified\":\"2024-11-28T09:19:44+00:00\",\"description\":\"CLAUSING \u2013 Ihr Partner f\u00fcr den Tiefbau. Wir l\u00f6sen anstehende Aufgaben ... Wir freuen uns auf Ihren Kontakt. CLAUSING GMBH. Emsweg 1, 49090 Osnabr\u00fcck\",\"breadcrumb\":{\"@id\":\"https:\\\/\\\/www.clausing-tiefbau.com\\\/clausing\\\/das-unternehmen\\\/geschichte-2\\\/#breadcrumb\"},\"inLanguage\":\"de\",\"potentialAction\":[{\"@type\":\"ReadAction\",\"target\":[\"https:\\\/\\\/www.clausing-tiefbau.com\\\/clausing\\\/das-unternehmen\\\/geschichte-2\\\/\"]}]},{\"@type\":\"BreadcrumbList\",\"@id\":\"https:\\\/\\\/www.clausing-tiefbau.com\\\/clausing\\\/das-unternehmen\\\/geschichte-2\\\/#breadcrumb\",\"itemListElement\":[{\"@type\":\"ListItem\",\"position\":1,\"name\":\"Startseite\",\"item\":\"https:\\\/\\\/www.clausing-tiefbau.com\\\/clausing\\\/\"},{\"@type\":\"ListItem\",\"position\":2,\"name\":\"Das Unternehmen\",\"item\":\"https:\\\/\\\/www.clausing-tiefbau.com\\\/clausing\\\/das-unternehmen\\\/\"},{\"@type\":\"ListItem\",\"position\":3,\"name\":\"Geschichte\"}]},{\"@type\":\"WebSite\",\"@id\":\"https:\\\/\\\/www.clausing-tiefbau.com\\\/clausing\\\/#website\",\"url\":\"https:\\\/\\\/www.clausing-tiefbau.com\\\/clausing\\\/\",\"name\":\"Clausing Tiefbau\",\"description\":\"Ihr Partner f\u00fcr den Tiefbau.\",\"potentialAction\":[{\"@type\":\"SearchAction\",\"target\":{\"@type\":\"EntryPoint\",\"urlTemplate\":\"https:\\\/\\\/www.clausing-tiefbau.com\\\/clausing\\\/?s={search_term_string}\"},\"query-input\":{\"@type\":\"PropertyValueSpecification\",\"valueRequired\":true,\"valueName\":\"search_term_string\"}}],\"inLanguage\":\"de\"}]}<\/script>\n<!-- \/ Yoast SEO plugin. -->","yoast_head_json":{"title":"Clausing Tiefbau \u2013 Ihr Partner f\u00fcr den Tiefbau.","description":"CLAUSING \u2013 Ihr Partner f\u00fcr den Tiefbau. Wir l\u00f6sen anstehende Aufgaben ... Wir freuen uns auf Ihren Kontakt. CLAUSING GMBH. Emsweg 1, 49090 Osnabr\u00fcck","robots":{"index":"index","follow":"follow","max-snippet":"max-snippet:-1","max-image-preview":"max-image-preview:large","max-video-preview":"max-video-preview:-1"},"canonical":"https:\/\/www.clausing-tiefbau.com\/clausing\/das-unternehmen\/geschichte-2\/","og_locale":"de_DE","og_type":"article","og_title":"Clausing Tiefbau \u2013 Ihr Partner f\u00fcr den Tiefbau.","og_description":"CLAUSING \u2013 Ihr Partner f\u00fcr den Tiefbau. Wir l\u00f6sen anstehende Aufgaben ... Wir freuen uns auf Ihren Kontakt. CLAUSING GMBH. Emsweg 1, 49090 Osnabr\u00fcck","og_url":"https:\/\/www.clausing-tiefbau.com\/clausing\/das-unternehmen\/geschichte-2\/","og_site_name":"Clausing Tiefbau","article_modified_time":"2024-11-28T09:19:44+00:00","twitter_card":"summary_large_image","twitter_misc":{"Gesch\u00e4tzte Lesezeit":"2\u00a0Minuten"},"schema":{"@context":"https:\/\/schema.org","@graph":[{"@type":"WebPage","@id":"https:\/\/www.clausing-tiefbau.com\/clausing\/das-unternehmen\/geschichte-2\/","url":"https:\/\/www.clausing-tiefbau.com\/clausing\/das-unternehmen\/geschichte-2\/","name":"Clausing Tiefbau \u2013 Ihr Partner f\u00fcr den Tiefbau.","isPartOf":{"@id":"https:\/\/www.clausing-tiefbau.com\/clausing\/#website"},"datePublished":"2024-04-08T15:03:56+00:00","dateModified":"2024-11-28T09:19:44+00:00","description":"CLAUSING \u2013 Ihr Partner f\u00fcr den Tiefbau. Wir l\u00f6sen anstehende Aufgaben ... Wir freuen uns auf Ihren Kontakt. CLAUSING GMBH. Emsweg 1, 49090 Osnabr\u00fcck","breadcrumb":{"@id":"https:\/\/www.clausing-tiefbau.com\/clausing\/das-unternehmen\/geschichte-2\/#breadcrumb"},"inLanguage":"de","potentialAction":[{"@type":"ReadAction","target":["https:\/\/www.clausing-tiefbau.com\/clausing\/das-unternehmen\/geschichte-2\/"]}]},{"@type":"BreadcrumbList","@id":"https:\/\/www.clausing-tiefbau.com\/clausing\/das-unternehmen\/geschichte-2\/#breadcrumb","itemListElement":[{"@type":"ListItem","position":1,"name":"Startseite","item":"https:\/\/www.clausing-tiefbau.com\/clausing\/"},{"@type":"ListItem","position":2,"name":"Das Unternehmen","item":"https:\/\/www.clausing-tiefbau.com\/clausing\/das-unternehmen\/"},{"@type":"ListItem","position":3,"name":"Geschichte"}]},{"@type":"WebSite","@id":"https:\/\/www.clausing-tiefbau.com\/clausing\/#website","url":"https:\/\/www.clausing-tiefbau.com\/clausing\/","name":"Clausing Tiefbau","description":"Ihr Partner f\u00fcr den Tiefbau.","potentialAction":[{"@type":"SearchAction","target":{"@type":"EntryPoint","urlTemplate":"https:\/\/www.clausing-tiefbau.com\/clausing\/?s={search_term_string}"},"query-input":{"@type":"PropertyValueSpecification","valueRequired":true,"valueName":"search_term_string"}}],"inLanguage":"de"}]}},"_links":{"self":[{"href":"https:\/\/www.clausing-tiefbau.com\/clausing\/wp-json\/wp\/v2\/pages\/1736","targetHints":{"allow":["GET"]}}],"collection":[{"href":"https:\/\/www.clausing-tiefbau.com\/clausing\/wp-json\/wp\/v2\/pages"}],"about":[{"href":"https:\/\/www.clausing-tiefbau.com\/clausing\/wp-json\/wp\/v2\/types\/page"}],"author":[{"embeddable":true,"href":"https:\/\/www.clausing-tiefbau.com\/clausing\/wp-json\/wp\/v2\/users\/1"}],"replies":[{"embeddable":true,"href":"https:\/\/www.clausing-tiefbau.com\/clausing\/wp-json\/wp\/v2\/comments?post=1736"}],"version-history":[{"count":6,"href":"https:\/\/www.clausing-tiefbau.com\/clausing\/wp-json\/wp\/v2\/pages\/1736\/revisions"}],"predecessor-version":[{"id":2674,"href":"https:\/\/www.clausing-tiefbau.com\/clausing\/wp-json\/wp\/v2\/pages\/1736\/revisions\/2674"}],"up":[{"embeddable":true,"href":"https:\/\/www.clausing-tiefbau.com\/clausing\/wp-json\/wp\/v2\/pages\/2"}],"wp:attachment":[{"href":"https:\/\/www.clausing-tiefbau.com\/clausing\/wp-json\/wp\/v2\/media?parent=1736"}],"curies":[{"name":"wp","href":"https:\/\/api.w.org\/{rel}","templated":true}]}}