{"id":1866,"date":"2024-05-15T13:11:22","date_gmt":"2024-05-15T13:11:22","guid":{"rendered":"https:\/\/www.clausing-tiefbau.com\/clausing\/?page_id=1866"},"modified":"2024-10-23T11:40:18","modified_gmt":"2024-10-23T09:40:18","slug":"links-downloads","status":"publish","type":"page","link":"https:\/\/www.clausing-tiefbau.com\/clausing\/das-unternehmen\/links-downloads\/","title":{"rendered":"Links &#038; Downloads"},"content":{"rendered":"<section class=\"l-section wpb_row height_medium\"><div class=\"l-section-h i-cf\"><div class=\"g-cols vc_row via_grid cols_1 laptops-cols_inherit tablets-cols_inherit mobiles-cols_1 valign_top type_default stacking_default\"><div class=\"wpb_column vc_column_container\"><div class=\"vc_column-inner\"><h1 class=\"w-post-elm post_title align_left entry-title color_link_inherit\">Links &#038; Downloads<\/h1><div class=\"w-separator size_medium\"><\/div><div class=\"g-cols wpb_row via_grid cols_1 laptops-cols_inherit tablets-cols_inherit mobiles-cols_1 valign_top type_default stacking_default\" style=\"--gap:5rem;\"><div class=\"wpb_column vc_column_container\"><div class=\"vc_column-inner\"><div class=\"w-actionbox us_custom_3f972ab8 color_secondary controls_right\"><div class=\"w-actionbox-text\"><p class=\"w-actionbox-title\" style=\"font-size:1.4rem\">Freistellungsbescheinigung \u00a7 13b UStG Clausing bis Okt 2027<\/p><\/div><div class=\"w-actionbox-controls\"><a class=\"w-btn us-btn-style_2 icon_atleft\" target=\"_blank\" href=\"https:\/\/www.clausing-tiefbau.com\/clausing\/wp-content\/uploads\/2024\/10\/Clausing-Freist.-gem.-\u00a7-13-b-UStG-bis-31.10.27.pdf\" style=\"font-size:1.2rem;\"><i class=\"fas fa-download\"><\/i><span class=\"w-btn-label\">Hier Downloaden<\/span><\/a><\/div><\/div><div class=\"w-separator size_small\"><\/div><div class=\"w-actionbox us_custom_3f972ab8 color_primary controls_right\"><div class=\"w-actionbox-text\"><p class=\"w-actionbox-title\" style=\"font-size:1.4rem\">Freistellungsbescheinigung \u00a7 48b EStG bis Dez 2024<\/p><\/div><div class=\"w-actionbox-controls\"><a class=\"w-btn us-btn-style_2 icon_atleft\" target=\"_blank\" href=\"http:\/\/www.clausing-tiefbau.com\/clausing\/wp-content\/uploads\/2024\/05\/\u00a748b-Clausing.pdf\" style=\"font-size:1.2rem;\"><i class=\"fas fa-download\"><\/i><span class=\"w-btn-label\">Hier Downloaden<\/span><\/a><\/div><\/div><\/div><\/div><\/div><div class=\"w-separator size_medium\"><\/div><div class=\"w-tabs style_default switch_click accordion has_scrolling\" style=\"--sections-title-size:inherit\"><div class=\"w-tabs-sections titles-align_none icon_chevron cpos_right\"><div class=\"w-tabs-section\" id=\"q5de\"><button class=\"w-tabs-section-header\" aria-controls=\"content-q5de\" aria-expanded=\"false\"><div class=\"w-tabs-section-title\">Lobbyfilm \u201eDas Deutsche Baugewerbe: Starke Branche. Starker Verband.\u201c<\/div><div class=\"w-tabs-section-control\"><\/div><\/button><div  class=\"w-tabs-section-content\" id=\"content-q5de\"><div class=\"w-tabs-section-content-h i-cf\"><div class=\"w-video align_none ratio_16x9 has_iframe\"><div class=\"w-video-h\"><iframe title=\"Youtube video player\" src=\"\/\/www.youtube.com\/embed\/AM2YHkQpx4c?autoplay=0&controls=1&origin=https:\/\/www.clausing-tiefbau.com\/clausing&loop=0&mute=0\" allowfullscreen=\"1\" loading=\"lazy\"><\/iframe><\/div><div class=\"w-video-icon\" style=\"font-size:1.5rem;background:rgba(0,0,0,0.5);color:#fff\"><\/div><\/div><\/div><\/div><\/div><div class=\"w-tabs-section\" id=\"tc99\"><button class=\"w-tabs-section-header\" aria-controls=\"content-tc99\" aria-expanded=\"false\"><div class=\"w-tabs-section-title\">Kreishandwerkerschaft Osnabr\u00fcck<\/div><div class=\"w-tabs-section-control\"><\/div><\/button><div  class=\"w-tabs-section-content\" id=\"content-tc99\"><div class=\"w-tabs-section-content-h i-cf\"><div class=\"wpb_text_column\"><div class=\"wpb_wrapper\"><p><a href=\"http:\/\/www.kh-os.de\/\" target=\"_blank\" rel=\"noopener\">http:\/\/www.kh-os.de\/<\/a><\/p>\n<\/div><\/div><\/div><\/div><\/div><div class=\"w-tabs-section\" id=\"rea2\"><button class=\"w-tabs-section-header\" aria-controls=\"content-rea2\" aria-expanded=\"false\"><div class=\"w-tabs-section-title\">Baugewerbeverband Niedersachsen<\/div><div class=\"w-tabs-section-control\"><\/div><\/button><div  class=\"w-tabs-section-content\" id=\"content-rea2\"><div class=\"w-tabs-section-content-h i-cf\"><div class=\"wpb_text_column\"><div class=\"wpb_wrapper\"><p><a href=\"http:\/\/www.bvn.de\/\" target=\"_blank\" rel=\"noopener\">http:\/\/www.bvn.de\/<\/a><\/p>\n<\/div><\/div><\/div><\/div><\/div><div class=\"w-tabs-section\" id=\"g08f\"><button class=\"w-tabs-section-header\" aria-controls=\"content-g08f\" aria-expanded=\"false\"><div class=\"w-tabs-section-title\">G\u00fctezeichen RAL Kanalbau<\/div><div class=\"w-tabs-section-control\"><\/div><\/button><div  class=\"w-tabs-section-content\" id=\"content-g08f\"><div class=\"w-tabs-section-content-h i-cf\"><div class=\"wpb_text_column\"><div class=\"wpb_wrapper\"><p><a href=\"http:\/\/kanalbau.com\/\" target=\"_blank\" rel=\"noopener\">http:\/\/kanalbau.com\/<\/a><\/p>\n<\/div><\/div><\/div><\/div><\/div><div class=\"w-tabs-section\" id=\"r265\"><button class=\"w-tabs-section-header\" aria-controls=\"content-r265\" aria-expanded=\"false\"><div class=\"w-tabs-section-title\">G\u00fctegemeinschaft Leitungstiefbau e.V.<\/div><div class=\"w-tabs-section-control\"><\/div><\/button><div  class=\"w-tabs-section-content\" id=\"content-r265\"><div class=\"w-tabs-section-content-h i-cf\"><div class=\"wpb_text_column\"><div class=\"wpb_wrapper\"><p><a href=\"http:\/\/www.kabelleitungstiefbau.de\/\" target=\"_blank\" rel=\"noopener\">http:\/\/www.kabelleitungstiefbau.de\/<\/a><\/p>\n<\/div><\/div><\/div><\/div><\/div><div class=\"w-tabs-section\" id=\"k458\"><button class=\"w-tabs-section-header\" aria-controls=\"content-k458\" aria-expanded=\"false\"><div class=\"w-tabs-section-title\">Deutscher Verein des Gas- und Wasserfaches e.V.<\/div><div class=\"w-tabs-section-control\"><\/div><\/button><div  class=\"w-tabs-section-content\" id=\"content-k458\"><div class=\"w-tabs-section-content-h i-cf\"><div class=\"wpb_text_column\"><div class=\"wpb_wrapper\"><p><a href=\"http:\/\/www.dvgw.de\/\" target=\"_blank\" rel=\"noopener\">http:\/\/www.dvgw.de\/<\/a><\/p>\n<\/div><\/div><\/div><\/div><\/div><\/div><\/div><\/div><\/div><\/div><\/div><\/section>\n","protected":false},"excerpt":{"rendered":"Links &#038; DownloadsFreistellungsbescheinigung \u00a7 13b UStG Clausing bis Okt 2027Hier DownloadenFreistellungsbescheinigung \u00a7 48b EStG bis Dez 2024Hier DownloadenLobbyfilm \u201eDas Deutsche Baugewerbe: Starke Branche. Starker Verband.\u201cKreishandwerkerschaft Osnabr\u00fcckhttp:\/\/www.kh-os.de\/ Baugewerbeverband Niedersachsenhttp:\/\/www.bvn.de\/ G\u00fctezeichen RAL Kanalbauhttp:\/\/kanalbau.com\/ G\u00fctegemeinschaft Leitungstiefbau e.V.http:\/\/www.kabelleitungstiefbau.de\/ Deutscher Verein des Gas- und Wasserfaches e.V.http:\/\/www.dvgw.de\/","protected":false},"author":1,"featured_media":0,"parent":2,"menu_order":0,"comment_status":"closed","ping_status":"closed","template":"","meta":{"footnotes":""},"class_list":["post-1866","page","type-page","status-publish","hentry"],"yoast_head":"<!-- This site is optimized with the Yoast SEO plugin v27.4 - https:\/\/yoast.com\/product\/yoast-seo-wordpress\/ -->\n<title>Clausing Tiefbau \u2013 Ihr Partner f\u00fcr den Tiefbau.<\/title>\n<meta name=\"description\" content=\"CLAUSING \u2013 Ihr Partner f\u00fcr den Tiefbau. Wir l\u00f6sen anstehende Aufgaben ... Wir freuen uns auf Ihren Kontakt. CLAUSING GMBH. Emsweg 1, 49090 Osnabr\u00fcck\" \/>\n<meta name=\"robots\" content=\"index, follow, max-snippet:-1, max-image-preview:large, max-video-preview:-1\" \/>\n<link rel=\"canonical\" href=\"https:\/\/www.clausing-tiefbau.com\/clausing\/das-unternehmen\/links-downloads\/\" \/>\n<meta property=\"og:locale\" content=\"de_DE\" \/>\n<meta property=\"og:type\" content=\"article\" \/>\n<meta property=\"og:title\" content=\"Clausing Tiefbau \u2013 Ihr Partner f\u00fcr den Tiefbau.\" \/>\n<meta property=\"og:description\" content=\"CLAUSING \u2013 Ihr Partner f\u00fcr den Tiefbau. Wir l\u00f6sen anstehende Aufgaben ... Wir freuen uns auf Ihren Kontakt. CLAUSING GMBH. Emsweg 1, 49090 Osnabr\u00fcck\" \/>\n<meta property=\"og:url\" content=\"https:\/\/www.clausing-tiefbau.com\/clausing\/das-unternehmen\/links-downloads\/\" \/>\n<meta property=\"og:site_name\" content=\"Clausing Tiefbau\" \/>\n<meta property=\"article:modified_time\" content=\"2024-10-23T09:40:18+00:00\" \/>\n<meta name=\"twitter:card\" content=\"summary_large_image\" \/>\n<meta name=\"twitter:label1\" content=\"Gesch\u00e4tzte Lesezeit\" \/>\n\t<meta name=\"twitter:data1\" content=\"1\u00a0Minute\" \/>\n<script type=\"application\/ld+json\" class=\"yoast-schema-graph\">{\"@context\":\"https:\\\/\\\/schema.org\",\"@graph\":[{\"@type\":\"WebPage\",\"@id\":\"https:\\\/\\\/www.clausing-tiefbau.com\\\/clausing\\\/das-unternehmen\\\/links-downloads\\\/\",\"url\":\"https:\\\/\\\/www.clausing-tiefbau.com\\\/clausing\\\/das-unternehmen\\\/links-downloads\\\/\",\"name\":\"Clausing Tiefbau \u2013 Ihr Partner f\u00fcr den Tiefbau.\",\"isPartOf\":{\"@id\":\"https:\\\/\\\/www.clausing-tiefbau.com\\\/clausing\\\/#website\"},\"datePublished\":\"2024-05-15T13:11:22+00:00\",\"dateModified\":\"2024-10-23T09:40:18+00:00\",\"description\":\"CLAUSING \u2013 Ihr Partner f\u00fcr den Tiefbau. Wir l\u00f6sen anstehende Aufgaben ... Wir freuen uns auf Ihren Kontakt. CLAUSING GMBH. Emsweg 1, 49090 Osnabr\u00fcck\",\"breadcrumb\":{\"@id\":\"https:\\\/\\\/www.clausing-tiefbau.com\\\/clausing\\\/das-unternehmen\\\/links-downloads\\\/#breadcrumb\"},\"inLanguage\":\"de\",\"potentialAction\":[{\"@type\":\"ReadAction\",\"target\":[\"https:\\\/\\\/www.clausing-tiefbau.com\\\/clausing\\\/das-unternehmen\\\/links-downloads\\\/\"]}]},{\"@type\":\"BreadcrumbList\",\"@id\":\"https:\\\/\\\/www.clausing-tiefbau.com\\\/clausing\\\/das-unternehmen\\\/links-downloads\\\/#breadcrumb\",\"itemListElement\":[{\"@type\":\"ListItem\",\"position\":1,\"name\":\"Startseite\",\"item\":\"https:\\\/\\\/www.clausing-tiefbau.com\\\/clausing\\\/\"},{\"@type\":\"ListItem\",\"position\":2,\"name\":\"Das Unternehmen\",\"item\":\"https:\\\/\\\/www.clausing-tiefbau.com\\\/clausing\\\/das-unternehmen\\\/\"},{\"@type\":\"ListItem\",\"position\":3,\"name\":\"Links &#038; Downloads\"}]},{\"@type\":\"WebSite\",\"@id\":\"https:\\\/\\\/www.clausing-tiefbau.com\\\/clausing\\\/#website\",\"url\":\"https:\\\/\\\/www.clausing-tiefbau.com\\\/clausing\\\/\",\"name\":\"Clausing Tiefbau\",\"description\":\"Ihr Partner f\u00fcr den Tiefbau.\",\"potentialAction\":[{\"@type\":\"SearchAction\",\"target\":{\"@type\":\"EntryPoint\",\"urlTemplate\":\"https:\\\/\\\/www.clausing-tiefbau.com\\\/clausing\\\/?s={search_term_string}\"},\"query-input\":{\"@type\":\"PropertyValueSpecification\",\"valueRequired\":true,\"valueName\":\"search_term_string\"}}],\"inLanguage\":\"de\"}]}<\/script>\n<!-- \/ Yoast SEO plugin. -->","yoast_head_json":{"title":"Clausing Tiefbau \u2013 Ihr Partner f\u00fcr den Tiefbau.","description":"CLAUSING \u2013 Ihr Partner f\u00fcr den Tiefbau. Wir l\u00f6sen anstehende Aufgaben ... Wir freuen uns auf Ihren Kontakt. CLAUSING GMBH. Emsweg 1, 49090 Osnabr\u00fcck","robots":{"index":"index","follow":"follow","max-snippet":"max-snippet:-1","max-image-preview":"max-image-preview:large","max-video-preview":"max-video-preview:-1"},"canonical":"https:\/\/www.clausing-tiefbau.com\/clausing\/das-unternehmen\/links-downloads\/","og_locale":"de_DE","og_type":"article","og_title":"Clausing Tiefbau \u2013 Ihr Partner f\u00fcr den Tiefbau.","og_description":"CLAUSING \u2013 Ihr Partner f\u00fcr den Tiefbau. Wir l\u00f6sen anstehende Aufgaben ... Wir freuen uns auf Ihren Kontakt. CLAUSING GMBH. Emsweg 1, 49090 Osnabr\u00fcck","og_url":"https:\/\/www.clausing-tiefbau.com\/clausing\/das-unternehmen\/links-downloads\/","og_site_name":"Clausing Tiefbau","article_modified_time":"2024-10-23T09:40:18+00:00","twitter_card":"summary_large_image","twitter_misc":{"Gesch\u00e4tzte Lesezeit":"1\u00a0Minute"},"schema":{"@context":"https:\/\/schema.org","@graph":[{"@type":"WebPage","@id":"https:\/\/www.clausing-tiefbau.com\/clausing\/das-unternehmen\/links-downloads\/","url":"https:\/\/www.clausing-tiefbau.com\/clausing\/das-unternehmen\/links-downloads\/","name":"Clausing Tiefbau \u2013 Ihr Partner f\u00fcr den Tiefbau.","isPartOf":{"@id":"https:\/\/www.clausing-tiefbau.com\/clausing\/#website"},"datePublished":"2024-05-15T13:11:22+00:00","dateModified":"2024-10-23T09:40:18+00:00","description":"CLAUSING \u2013 Ihr Partner f\u00fcr den Tiefbau. Wir l\u00f6sen anstehende Aufgaben ... Wir freuen uns auf Ihren Kontakt. CLAUSING GMBH. Emsweg 1, 49090 Osnabr\u00fcck","breadcrumb":{"@id":"https:\/\/www.clausing-tiefbau.com\/clausing\/das-unternehmen\/links-downloads\/#breadcrumb"},"inLanguage":"de","potentialAction":[{"@type":"ReadAction","target":["https:\/\/www.clausing-tiefbau.com\/clausing\/das-unternehmen\/links-downloads\/"]}]},{"@type":"BreadcrumbList","@id":"https:\/\/www.clausing-tiefbau.com\/clausing\/das-unternehmen\/links-downloads\/#breadcrumb","itemListElement":[{"@type":"ListItem","position":1,"name":"Startseite","item":"https:\/\/www.clausing-tiefbau.com\/clausing\/"},{"@type":"ListItem","position":2,"name":"Das Unternehmen","item":"https:\/\/www.clausing-tiefbau.com\/clausing\/das-unternehmen\/"},{"@type":"ListItem","position":3,"name":"Links &#038; Downloads"}]},{"@type":"WebSite","@id":"https:\/\/www.clausing-tiefbau.com\/clausing\/#website","url":"https:\/\/www.clausing-tiefbau.com\/clausing\/","name":"Clausing Tiefbau","description":"Ihr Partner f\u00fcr den Tiefbau.","potentialAction":[{"@type":"SearchAction","target":{"@type":"EntryPoint","urlTemplate":"https:\/\/www.clausing-tiefbau.com\/clausing\/?s={search_term_string}"},"query-input":{"@type":"PropertyValueSpecification","valueRequired":true,"valueName":"search_term_string"}}],"inLanguage":"de"}]}},"_links":{"self":[{"href":"https:\/\/www.clausing-tiefbau.com\/clausing\/wp-json\/wp\/v2\/pages\/1866","targetHints":{"allow":["GET"]}}],"collection":[{"href":"https:\/\/www.clausing-tiefbau.com\/clausing\/wp-json\/wp\/v2\/pages"}],"about":[{"href":"https:\/\/www.clausing-tiefbau.com\/clausing\/wp-json\/wp\/v2\/types\/page"}],"author":[{"embeddable":true,"href":"https:\/\/www.clausing-tiefbau.com\/clausing\/wp-json\/wp\/v2\/users\/1"}],"replies":[{"embeddable":true,"href":"https:\/\/www.clausing-tiefbau.com\/clausing\/wp-json\/wp\/v2\/comments?post=1866"}],"version-history":[{"count":19,"href":"https:\/\/www.clausing-tiefbau.com\/clausing\/wp-json\/wp\/v2\/pages\/1866\/revisions"}],"predecessor-version":[{"id":2642,"href":"https:\/\/www.clausing-tiefbau.com\/clausing\/wp-json\/wp\/v2\/pages\/1866\/revisions\/2642"}],"up":[{"embeddable":true,"href":"https:\/\/www.clausing-tiefbau.com\/clausing\/wp-json\/wp\/v2\/pages\/2"}],"wp:attachment":[{"href":"https:\/\/www.clausing-tiefbau.com\/clausing\/wp-json\/wp\/v2\/media?parent=1866"}],"curies":[{"name":"wp","href":"https:\/\/api.w.org\/{rel}","templated":true}]}}