{"id":2648,"date":"2024-10-24T09:06:29","date_gmt":"2024-10-24T07:06:29","guid":{"rendered":"https:\/\/www.clausing-tiefbau.com\/clausing\/?page_id=2648"},"modified":"2025-02-06T09:40:21","modified_gmt":"2025-02-06T08:40:21","slug":"bescheinigungen","status":"publish","type":"page","link":"https:\/\/www.clausing-tiefbau.com\/clausing\/das-unternehmen\/bescheinigungen\/","title":{"rendered":"Bescheinigungen"},"content":{"rendered":"<section class=\"l-section wpb_row height_medium\"><div class=\"l-section-h i-cf\"><div class=\"g-cols vc_row via_grid cols_1 laptops-cols_inherit tablets-cols_inherit mobiles-cols_1 valign_top type_default stacking_default\"><div class=\"wpb_column vc_column_container\"><div class=\"vc_column-inner\"><h1 class=\"w-post-elm post_title align_left entry-title color_link_inherit\">Bescheinigungen<\/h1><div class=\"w-separator size_medium\"><\/div><div class=\"w-gallery type_masonry action_popup_image ratio_auto count_4\" style=\"--columns:6;--items-gap:10px;\"><div class=\"w-gallery-list\"><div class=\"w-gallery-item\"><div class=\"w-gallery-item-img\"><img loading=\"lazy\" decoding=\"async\" width=\"1190\" height=\"1683\" src=\"https:\/\/www.clausing-tiefbau.com\/clausing\/wp-content\/uploads\/2024\/10\/0001.jpg\" class=\"attachment-full size-full\" alt=\"\" srcset=\"https:\/\/www.clausing-tiefbau.com\/clausing\/wp-content\/uploads\/2024\/10\/0001.jpg 1190w, https:\/\/www.clausing-tiefbau.com\/clausing\/wp-content\/uploads\/2024\/10\/0001-212x300.jpg 212w, https:\/\/www.clausing-tiefbau.com\/clausing\/wp-content\/uploads\/2024\/10\/0001-724x1024.jpg 724w, https:\/\/www.clausing-tiefbau.com\/clausing\/wp-content\/uploads\/2024\/10\/0001-106x150.jpg 106w\" sizes=\"auto, (max-width: 1190px) 100vw, 1190px\" \/><\/div><a class=\"w-gallery-item-link\" aria-label=\"0001\" href=\"https:\/\/www.clausing-tiefbau.com\/clausing\/wp-content\/uploads\/2024\/10\/0001.jpg\"><\/a><\/div><div class=\"w-gallery-item\"><div class=\"w-gallery-item-img\"><img loading=\"lazy\" decoding=\"async\" width=\"1810\" height=\"2560\" src=\"https:\/\/www.clausing-tiefbau.com\/clausing\/wp-content\/uploads\/2025\/01\/Clausing-Freist.-besch.-\u00a7-48b-EStG-bis-31.12.2027_homepage__Page1-scaled.jpg\" class=\"attachment-full size-full\" alt=\"\" srcset=\"https:\/\/www.clausing-tiefbau.com\/clausing\/wp-content\/uploads\/2025\/01\/Clausing-Freist.-besch.-\u00a7-48b-EStG-bis-31.12.2027_homepage__Page1-scaled.jpg 1810w, https:\/\/www.clausing-tiefbau.com\/clausing\/wp-content\/uploads\/2025\/01\/Clausing-Freist.-besch.-\u00a7-48b-EStG-bis-31.12.2027_homepage__Page1-212x300.jpg 212w, https:\/\/www.clausing-tiefbau.com\/clausing\/wp-content\/uploads\/2025\/01\/Clausing-Freist.-besch.-\u00a7-48b-EStG-bis-31.12.2027_homepage__Page1-724x1024.jpg 724w, https:\/\/www.clausing-tiefbau.com\/clausing\/wp-content\/uploads\/2025\/01\/Clausing-Freist.-besch.-\u00a7-48b-EStG-bis-31.12.2027_homepage__Page1-106x150.jpg 106w\" sizes=\"auto, (max-width: 1810px) 100vw, 1810px\" \/><\/div><a class=\"w-gallery-item-link\" aria-label=\"Clausing Freist. besch. \u00a7 48b EStG bis 31.12.2027_homepage__Page1\" href=\"https:\/\/www.clausing-tiefbau.com\/clausing\/wp-content\/uploads\/2025\/01\/Clausing-Freist.-besch.-\u00a7-48b-EStG-bis-31.12.2027_homepage__Page1-scaled.jpg\"><\/a><\/div><div class=\"w-gallery-item\"><div class=\"w-gallery-item-img\"><img loading=\"lazy\" decoding=\"async\" width=\"1811\" height=\"2560\" src=\"https:\/\/www.clausing-tiefbau.com\/clausing\/wp-content\/uploads\/2025\/02\/Clausing_1534_pq-bescheinigung-vom-08.01.2025-scaled.jpg\" class=\"attachment-full size-full\" alt=\"\" srcset=\"https:\/\/www.clausing-tiefbau.com\/clausing\/wp-content\/uploads\/2025\/02\/Clausing_1534_pq-bescheinigung-vom-08.01.2025-scaled.jpg 1811w, https:\/\/www.clausing-tiefbau.com\/clausing\/wp-content\/uploads\/2025\/02\/Clausing_1534_pq-bescheinigung-vom-08.01.2025-212x300.jpg 212w, https:\/\/www.clausing-tiefbau.com\/clausing\/wp-content\/uploads\/2025\/02\/Clausing_1534_pq-bescheinigung-vom-08.01.2025-724x1024.jpg 724w, https:\/\/www.clausing-tiefbau.com\/clausing\/wp-content\/uploads\/2025\/02\/Clausing_1534_pq-bescheinigung-vom-08.01.2025-106x150.jpg 106w\" sizes=\"auto, (max-width: 1811px) 100vw, 1811px\" \/><\/div><a class=\"w-gallery-item-link\" aria-label=\"Clausing_1534_pq-bescheinigung vom 08.01.2025\" href=\"https:\/\/www.clausing-tiefbau.com\/clausing\/wp-content\/uploads\/2025\/02\/Clausing_1534_pq-bescheinigung-vom-08.01.2025-scaled.jpg\"><\/a><\/div><div class=\"w-gallery-item\"><div class=\"w-gallery-item-img\"><img loading=\"lazy\" decoding=\"async\" width=\"1190\" height=\"1683\" src=\"https:\/\/www.clausing-tiefbau.com\/clausing\/wp-content\/uploads\/2024\/09\/0002.jpg\" class=\"attachment-full size-full\" alt=\"\" srcset=\"https:\/\/www.clausing-tiefbau.com\/clausing\/wp-content\/uploads\/2024\/09\/0002.jpg 1190w, https:\/\/www.clausing-tiefbau.com\/clausing\/wp-content\/uploads\/2024\/09\/0002-212x300.jpg 212w, https:\/\/www.clausing-tiefbau.com\/clausing\/wp-content\/uploads\/2024\/09\/0002-724x1024.jpg 724w, https:\/\/www.clausing-tiefbau.com\/clausing\/wp-content\/uploads\/2024\/09\/0002-106x150.jpg 106w\" sizes=\"auto, (max-width: 1190px) 100vw, 1190px\" \/><\/div><a class=\"w-gallery-item-link\" aria-label=\"0002\" href=\"https:\/\/www.clausing-tiefbau.com\/clausing\/wp-content\/uploads\/2024\/09\/0002.jpg\"><\/a><\/div><\/div><\/div><\/div><\/div><\/div><\/div><\/section>\n","protected":false},"excerpt":{"rendered":"Bescheinigungen","protected":false},"author":1,"featured_media":0,"parent":2,"menu_order":0,"comment_status":"closed","ping_status":"closed","template":"","meta":{"footnotes":""},"class_list":["post-2648","page","type-page","status-publish","hentry"],"yoast_head":"<!-- This site is optimized with the Yoast SEO plugin v27.3 - https:\/\/yoast.com\/product\/yoast-seo-wordpress\/ -->\n<title>Clausing Tiefbau \u2013 Ihr Partner f\u00fcr den Tiefbau.<\/title>\n<meta name=\"description\" content=\"CLAUSING \u2013 Ihr Partner f\u00fcr den Tiefbau. Wir l\u00f6sen anstehende Aufgaben ... Wir freuen uns auf Ihren Kontakt. CLAUSING GMBH. Emsweg 1, 49090 Osnabr\u00fcck\" \/>\n<meta name=\"robots\" content=\"index, follow, max-snippet:-1, max-image-preview:large, max-video-preview:-1\" \/>\n<link rel=\"canonical\" href=\"https:\/\/www.clausing-tiefbau.com\/clausing\/das-unternehmen\/bescheinigungen\/\" \/>\n<meta property=\"og:locale\" content=\"de_DE\" \/>\n<meta property=\"og:type\" content=\"article\" \/>\n<meta property=\"og:title\" content=\"Clausing Tiefbau \u2013 Ihr Partner f\u00fcr den Tiefbau.\" \/>\n<meta property=\"og:description\" content=\"CLAUSING \u2013 Ihr Partner f\u00fcr den Tiefbau. Wir l\u00f6sen anstehende Aufgaben ... Wir freuen uns auf Ihren Kontakt. CLAUSING GMBH. Emsweg 1, 49090 Osnabr\u00fcck\" \/>\n<meta property=\"og:url\" content=\"https:\/\/www.clausing-tiefbau.com\/clausing\/das-unternehmen\/bescheinigungen\/\" \/>\n<meta property=\"og:site_name\" content=\"Clausing Tiefbau\" \/>\n<meta property=\"article:modified_time\" content=\"2025-02-06T08:40:21+00:00\" \/>\n<meta name=\"twitter:card\" content=\"summary_large_image\" \/>\n<meta name=\"twitter:label1\" content=\"Gesch\u00e4tzte Lesezeit\" \/>\n\t<meta name=\"twitter:data1\" content=\"1\u00a0Minute\" \/>\n<script type=\"application\/ld+json\" class=\"yoast-schema-graph\">{\"@context\":\"https:\\\/\\\/schema.org\",\"@graph\":[{\"@type\":\"WebPage\",\"@id\":\"https:\\\/\\\/www.clausing-tiefbau.com\\\/clausing\\\/das-unternehmen\\\/bescheinigungen\\\/\",\"url\":\"https:\\\/\\\/www.clausing-tiefbau.com\\\/clausing\\\/das-unternehmen\\\/bescheinigungen\\\/\",\"name\":\"Clausing Tiefbau \u2013 Ihr Partner f\u00fcr den Tiefbau.\",\"isPartOf\":{\"@id\":\"https:\\\/\\\/www.clausing-tiefbau.com\\\/clausing\\\/#website\"},\"datePublished\":\"2024-10-24T07:06:29+00:00\",\"dateModified\":\"2025-02-06T08:40:21+00:00\",\"description\":\"CLAUSING \u2013 Ihr Partner f\u00fcr den Tiefbau. Wir l\u00f6sen anstehende Aufgaben ... Wir freuen uns auf Ihren Kontakt. CLAUSING GMBH. Emsweg 1, 49090 Osnabr\u00fcck\",\"breadcrumb\":{\"@id\":\"https:\\\/\\\/www.clausing-tiefbau.com\\\/clausing\\\/das-unternehmen\\\/bescheinigungen\\\/#breadcrumb\"},\"inLanguage\":\"de\",\"potentialAction\":[{\"@type\":\"ReadAction\",\"target\":[\"https:\\\/\\\/www.clausing-tiefbau.com\\\/clausing\\\/das-unternehmen\\\/bescheinigungen\\\/\"]}]},{\"@type\":\"BreadcrumbList\",\"@id\":\"https:\\\/\\\/www.clausing-tiefbau.com\\\/clausing\\\/das-unternehmen\\\/bescheinigungen\\\/#breadcrumb\",\"itemListElement\":[{\"@type\":\"ListItem\",\"position\":1,\"name\":\"Startseite\",\"item\":\"https:\\\/\\\/www.clausing-tiefbau.com\\\/clausing\\\/\"},{\"@type\":\"ListItem\",\"position\":2,\"name\":\"Das Unternehmen\",\"item\":\"https:\\\/\\\/www.clausing-tiefbau.com\\\/clausing\\\/das-unternehmen\\\/\"},{\"@type\":\"ListItem\",\"position\":3,\"name\":\"Bescheinigungen\"}]},{\"@type\":\"WebSite\",\"@id\":\"https:\\\/\\\/www.clausing-tiefbau.com\\\/clausing\\\/#website\",\"url\":\"https:\\\/\\\/www.clausing-tiefbau.com\\\/clausing\\\/\",\"name\":\"Clausing Tiefbau\",\"description\":\"Ihr Partner f\u00fcr den Tiefbau.\",\"potentialAction\":[{\"@type\":\"SearchAction\",\"target\":{\"@type\":\"EntryPoint\",\"urlTemplate\":\"https:\\\/\\\/www.clausing-tiefbau.com\\\/clausing\\\/?s={search_term_string}\"},\"query-input\":{\"@type\":\"PropertyValueSpecification\",\"valueRequired\":true,\"valueName\":\"search_term_string\"}}],\"inLanguage\":\"de\"}]}<\/script>\n<!-- \/ Yoast SEO plugin. -->","yoast_head_json":{"title":"Clausing Tiefbau \u2013 Ihr Partner f\u00fcr den Tiefbau.","description":"CLAUSING \u2013 Ihr Partner f\u00fcr den Tiefbau. Wir l\u00f6sen anstehende Aufgaben ... Wir freuen uns auf Ihren Kontakt. CLAUSING GMBH. Emsweg 1, 49090 Osnabr\u00fcck","robots":{"index":"index","follow":"follow","max-snippet":"max-snippet:-1","max-image-preview":"max-image-preview:large","max-video-preview":"max-video-preview:-1"},"canonical":"https:\/\/www.clausing-tiefbau.com\/clausing\/das-unternehmen\/bescheinigungen\/","og_locale":"de_DE","og_type":"article","og_title":"Clausing Tiefbau \u2013 Ihr Partner f\u00fcr den Tiefbau.","og_description":"CLAUSING \u2013 Ihr Partner f\u00fcr den Tiefbau. Wir l\u00f6sen anstehende Aufgaben ... Wir freuen uns auf Ihren Kontakt. CLAUSING GMBH. Emsweg 1, 49090 Osnabr\u00fcck","og_url":"https:\/\/www.clausing-tiefbau.com\/clausing\/das-unternehmen\/bescheinigungen\/","og_site_name":"Clausing Tiefbau","article_modified_time":"2025-02-06T08:40:21+00:00","twitter_card":"summary_large_image","twitter_misc":{"Gesch\u00e4tzte Lesezeit":"1\u00a0Minute"},"schema":{"@context":"https:\/\/schema.org","@graph":[{"@type":"WebPage","@id":"https:\/\/www.clausing-tiefbau.com\/clausing\/das-unternehmen\/bescheinigungen\/","url":"https:\/\/www.clausing-tiefbau.com\/clausing\/das-unternehmen\/bescheinigungen\/","name":"Clausing Tiefbau \u2013 Ihr Partner f\u00fcr den Tiefbau.","isPartOf":{"@id":"https:\/\/www.clausing-tiefbau.com\/clausing\/#website"},"datePublished":"2024-10-24T07:06:29+00:00","dateModified":"2025-02-06T08:40:21+00:00","description":"CLAUSING \u2013 Ihr Partner f\u00fcr den Tiefbau. Wir l\u00f6sen anstehende Aufgaben ... Wir freuen uns auf Ihren Kontakt. CLAUSING GMBH. Emsweg 1, 49090 Osnabr\u00fcck","breadcrumb":{"@id":"https:\/\/www.clausing-tiefbau.com\/clausing\/das-unternehmen\/bescheinigungen\/#breadcrumb"},"inLanguage":"de","potentialAction":[{"@type":"ReadAction","target":["https:\/\/www.clausing-tiefbau.com\/clausing\/das-unternehmen\/bescheinigungen\/"]}]},{"@type":"BreadcrumbList","@id":"https:\/\/www.clausing-tiefbau.com\/clausing\/das-unternehmen\/bescheinigungen\/#breadcrumb","itemListElement":[{"@type":"ListItem","position":1,"name":"Startseite","item":"https:\/\/www.clausing-tiefbau.com\/clausing\/"},{"@type":"ListItem","position":2,"name":"Das Unternehmen","item":"https:\/\/www.clausing-tiefbau.com\/clausing\/das-unternehmen\/"},{"@type":"ListItem","position":3,"name":"Bescheinigungen"}]},{"@type":"WebSite","@id":"https:\/\/www.clausing-tiefbau.com\/clausing\/#website","url":"https:\/\/www.clausing-tiefbau.com\/clausing\/","name":"Clausing Tiefbau","description":"Ihr Partner f\u00fcr den Tiefbau.","potentialAction":[{"@type":"SearchAction","target":{"@type":"EntryPoint","urlTemplate":"https:\/\/www.clausing-tiefbau.com\/clausing\/?s={search_term_string}"},"query-input":{"@type":"PropertyValueSpecification","valueRequired":true,"valueName":"search_term_string"}}],"inLanguage":"de"}]}},"_links":{"self":[{"href":"https:\/\/www.clausing-tiefbau.com\/clausing\/wp-json\/wp\/v2\/pages\/2648","targetHints":{"allow":["GET"]}}],"collection":[{"href":"https:\/\/www.clausing-tiefbau.com\/clausing\/wp-json\/wp\/v2\/pages"}],"about":[{"href":"https:\/\/www.clausing-tiefbau.com\/clausing\/wp-json\/wp\/v2\/types\/page"}],"author":[{"embeddable":true,"href":"https:\/\/www.clausing-tiefbau.com\/clausing\/wp-json\/wp\/v2\/users\/1"}],"replies":[{"embeddable":true,"href":"https:\/\/www.clausing-tiefbau.com\/clausing\/wp-json\/wp\/v2\/comments?post=2648"}],"version-history":[{"count":7,"href":"https:\/\/www.clausing-tiefbau.com\/clausing\/wp-json\/wp\/v2\/pages\/2648\/revisions"}],"predecessor-version":[{"id":2810,"href":"https:\/\/www.clausing-tiefbau.com\/clausing\/wp-json\/wp\/v2\/pages\/2648\/revisions\/2810"}],"up":[{"embeddable":true,"href":"https:\/\/www.clausing-tiefbau.com\/clausing\/wp-json\/wp\/v2\/pages\/2"}],"wp:attachment":[{"href":"https:\/\/www.clausing-tiefbau.com\/clausing\/wp-json\/wp\/v2\/media?parent=2648"}],"curies":[{"name":"wp","href":"https:\/\/api.w.org\/{rel}","templated":true}]}}